{"id":27167,"date":"2024-07-29T08:18:11","date_gmt":"2024-07-29T06:18:11","guid":{"rendered":"https:\/\/cbldm.uwr.edu.pl\/wydarzenia-2\/konferencje\/"},"modified":"2024-07-31T10:28:13","modified_gmt":"2024-07-31T08:28:13","slug":"konferencje","status":"publish","type":"page","link":"https:\/\/cbldm.uwr.edu.pl\/en\/wydarzenia-2\/konferencje\/","title":{"rendered":"Conferences"},"content":{"rendered":"\n<div class=\"alignfull wp-block-ugb-container ugb-container bs-konferencje-akordeony ugb-12c4a27 ugb-container--v2 ugb-container--design-plain ugb-main-block\"><style>@media screen and (min-width:768px){.ugb-12c4a27.ugb-container{margin-bottom:0px !important;padding-right:0px !important;padding-bottom:50px !important;padding-left:0px !important}}@media screen and (min-width:768px){.ugb-12c4a27 > .ugb-inner-block > .ugb-block-content > *{padding-top:0px !important;padding-bottom:0px !important;padding-right:0px !important;padding-left:0px !important}}<\/style><div class=\"ugb-inner-block\"><div class=\"ugb-block-content\"><div class=\"ugb-container__wrapper ugb-12c4a27-wrapper\"><div class=\"ugb-container__side\"><div class=\"ugb-container__content-wrapper ugb-12c4a27-content-wrapper\">\n<div class=\"wp-block-media-text alignwide is-stacked-on-mobile is-vertically-aligned-top is-image-fill bs-naglowek-szablonu-kolumny\"><figure class=\"wp-block-media-text__media\" style=\"background-image:url(https:\/\/cbldm.uwr.edu.pl\/wp-content\/uploads\/sites\/644\/2024\/07\/konferencja-1024x576.png);background-position:50% 50%\"><img loading=\"lazy\" decoding=\"async\" width=\"1024\" height=\"576\" src=\"https:\/\/cbldm.uwr.edu.pl\/wp-content\/uploads\/sites\/644\/2024\/07\/konferencja-1024x576.png\" alt=\"konferencja naukowa\" class=\"wp-image-25361 size-full\" srcset=\"https:\/\/cbldm.uwr.edu.pl\/wp-content\/uploads\/sites\/644\/2024\/07\/konferencja-1024x576.png 1024w, https:\/\/cbldm.uwr.edu.pl\/wp-content\/uploads\/sites\/644\/2024\/07\/konferencja-300x169.png 300w, https:\/\/cbldm.uwr.edu.pl\/wp-content\/uploads\/sites\/644\/2024\/07\/konferencja-768x432.png 768w, https:\/\/cbldm.uwr.edu.pl\/wp-content\/uploads\/sites\/644\/2024\/07\/konferencja-1536x864.png 1536w, https:\/\/cbldm.uwr.edu.pl\/wp-content\/uploads\/sites\/644\/2024\/07\/konferencja-1320x743.png 1320w, https:\/\/cbldm.uwr.edu.pl\/wp-content\/uploads\/sites\/644\/2024\/07\/konferencja-24x14.png 24w, https:\/\/cbldm.uwr.edu.pl\/wp-content\/uploads\/sites\/644\/2024\/07\/konferencja-36x20.png 36w, https:\/\/cbldm.uwr.edu.pl\/wp-content\/uploads\/sites\/644\/2024\/07\/konferencja-48x27.png 48w, https:\/\/cbldm.uwr.edu.pl\/wp-content\/uploads\/sites\/644\/2024\/07\/konferencja.png 1920w\" sizes=\"auto, (max-width: 1024px) 100vw, 1024px\" \/><\/figure><div class=\"wp-block-media-text__content\">\n<div class=\"wp-block-bonasoft-modular-breadcrumbs-block\"><div class=\"bs_add_breadcrumb_trail\"><\/div><\/div>\n\n\n\n<hr class=\"wp-block-separator has-text-color has-black-color has-css-opacity has-black-background-color has-background is-style-wide bs-border-kontakt\"\/>\n\n\n<h1 style=\"font-style:normal;font-weight:700;\" class=\"bs-naglowek-podstrony wp-block-post-title\">Conferences<\/h1>\n\n\n<div style=\"height:50px\" aria-hidden=\"true\" class=\"wp-block-spacer\"><\/div>\n\n\n<ul class=\"bs-pageList-container\">\n\n           \n        <a class=\"bs-pageList-linked\" href=\"https:\/\/cbldm.uwr.edu.pl\/en\/wydarzenia-2\/konferencje\/konferencja-kontrowersyjne-wymiary-literatury-dla-dzieci-i-mlodziezy-2020\/\">\n        <li>\n        <div class=\"parent-page\">\n            <p> \n                Controversial Dimensions of Children\u2019s Literature (2020)            <\/p>\n            <div class=\"bs-links-icon\">\n            <svg width=\"40px\" height=\"40px\" viewBox=\"0 0 22 16\" version=\"1.1\"><g stroke=\"none\" strokewidth=\"1\" fill=\"white\" fillrule=\"evenodd\"><g><polygon points=\"13.4875 0 12 1.6215 18.7875 8 12 14.3795 13.4875 16 21.9995 8\"><\/polygon><\/g><\/g><\/svg>\n        <\/div>\n        <\/div>\n        <\/li>\n    <\/a>\n  \n\n    <\/ul>\n<\/div><\/div>\n\n\n\n<div class=\"wp-block-ugb-container ugb-container bs-strona-konferencje ugb-002ab8b ugb-container--v2 ugb-container--design-plain ugb-main-block\"><style>@media screen and (min-width:768px){.ugb-002ab8b.ugb-container{margin-bottom:0% !important;margin-right:6% !important;margin-left:6% !important}}@media screen and (min-width:768px){.ugb-002ab8b > .ugb-inner-block > .ugb-block-content > *{padding-top:0px !important;padding-bottom:0px !important;padding-right:0px !important;padding-left:0px !important}}<\/style><div class=\"ugb-inner-block\"><div class=\"ugb-block-content\"><div class=\"ugb-container__wrapper ugb-002ab8b-wrapper\"><div class=\"ugb-container__side\"><div class=\"ugb-container__content-wrapper ugb-002ab8b-content-wrapper\"><\/div><\/div><\/div><\/div><\/div><\/div>\n<\/div><\/div><\/div><\/div><\/div><\/div>\n","protected":false},"excerpt":{"rendered":"","protected":false},"author":37,"featured_media":25364,"parent":27164,"menu_order":1,"comment_status":"closed","ping_status":"closed","template":"","meta":{"_acf_changed":false,"inline_featured_image":false,"site-sidebar-layout":"default","site-content-layout":"","ast-site-content-layout":"default","site-content-style":"default","site-sidebar-style":"default","ast-global-header-display":"","ast-banner-title-visibility":"","ast-main-header-display":"","ast-hfb-above-header-display":"","ast-hfb-below-header-display":"","ast-hfb-mobile-header-display":"","site-post-title":"","ast-breadcrumbs-content":"","ast-featured-img":"","footer-sml-layout":"","ast-disable-related-posts":"","theme-transparent-header-meta":"","adv-header-id-meta":"","stick-header-meta":"","header-above-stick-meta":"","header-main-stick-meta":"","header-below-stick-meta":"","astra-migrate-meta-layouts":"default","ast-page-background-enabled":"default","ast-page-background-meta":{"desktop":{"background-color":"","background-image":"","background-repeat":"repeat","background-position":"center center","background-size":"auto","background-attachment":"scroll","background-type":"","background-media":"","overlay-type":"","overlay-color":"","overlay-opacity":"","overlay-gradient":""},"tablet":{"background-color":"","background-image":"","background-repeat":"repeat","background-position":"center center","background-size":"auto","background-attachment":"scroll","background-type":"","background-media":"","overlay-type":"","overlay-color":"","overlay-opacity":"","overlay-gradient":""},"mobile":{"background-color":"","background-image":"","background-repeat":"repeat","background-position":"center center","background-size":"auto","background-attachment":"scroll","background-type":"","background-media":"","overlay-type":"","overlay-color":"","overlay-opacity":"","overlay-gradient":""}},"ast-content-background-meta":{"desktop":{"background-color":"var(--ast-global-color-5)","background-image":"","background-repeat":"repeat","background-position":"center center","background-size":"auto","background-attachment":"scroll","background-type":"","background-media":"","overlay-type":"","overlay-color":"","overlay-opacity":"","overlay-gradient":""},"tablet":{"background-color":"var(--ast-global-color-5)","background-image":"","background-repeat":"repeat","background-position":"center center","background-size":"auto","background-attachment":"scroll","background-type":"","background-media":"","overlay-type":"","overlay-color":"","overlay-opacity":"","overlay-gradient":""},"mobile":{"background-color":"var(--ast-global-color-5)","background-image":"","background-repeat":"repeat","background-position":"center center","background-size":"auto","background-attachment":"scroll","background-type":"","background-media":"","overlay-type":"","overlay-color":"","overlay-opacity":"","overlay-gradient":""}},"footnotes":""},"categories":[],"tags":[],"class_list":["post-27167","page","type-page","status-publish","has-post-thumbnail","hentry"],"featured_image_urls_v2":{"full":["https:\/\/cbldm.uwr.edu.pl\/wp-content\/uploads\/sites\/644\/2024\/07\/konferencja.png",1920,1080,false],"thumbnail":["https:\/\/cbldm.uwr.edu.pl\/wp-content\/uploads\/sites\/644\/2024\/07\/konferencja-150x150.png",150,150,true],"medium":["https:\/\/cbldm.uwr.edu.pl\/wp-content\/uploads\/sites\/644\/2024\/07\/konferencja-300x169.png",300,169,true],"medium_large":["https:\/\/cbldm.uwr.edu.pl\/wp-content\/uploads\/sites\/644\/2024\/07\/konferencja-768x432.png",768,432,true],"large":["https:\/\/cbldm.uwr.edu.pl\/wp-content\/uploads\/sites\/644\/2024\/07\/konferencja-1024x576.png",1024,576,true],"1536x1536":["https:\/\/cbldm.uwr.edu.pl\/wp-content\/uploads\/sites\/644\/2024\/07\/konferencja-1536x864.png",1536,864,true],"2048x2048":["https:\/\/cbldm.uwr.edu.pl\/wp-content\/uploads\/sites\/644\/2024\/07\/konferencja.png",1920,1080,false],"menu-24x24":["https:\/\/cbldm.uwr.edu.pl\/wp-content\/uploads\/sites\/644\/2024\/07\/konferencja-24x14.png",24,14,true],"menu-36x36":["https:\/\/cbldm.uwr.edu.pl\/wp-content\/uploads\/sites\/644\/2024\/07\/konferencja-36x20.png",36,20,true],"menu-48x48":["https:\/\/cbldm.uwr.edu.pl\/wp-content\/uploads\/sites\/644\/2024\/07\/konferencja-48x27.png",48,27,true]},"post_excerpt_stackable_v2":"<p>Conferences Controversial Dimensions of Children\u2019s Literature (2020)<\/p>\n","category_list_v2":"Uncategorized","author_info_v2":{"name":"Izabela Jaraszek","url":"https:\/\/cbldm.uwr.edu.pl\/en\/author\/ijaraszek\/"},"comments_num_v2":"0 comments","acf":[],"yoast_head":"<!-- This site is optimized with the Yoast SEO plugin v27.1.1 - https:\/\/yoast.com\/product\/yoast-seo-wordpress\/ -->\n<title>Conferences - Centrum Bada\u0144 Literatury dla Dzieci i M\u0142odzie\u017cy<\/title>\n<meta name=\"robots\" content=\"index, follow, max-snippet:-1, max-image-preview:large, max-video-preview:-1\" \/>\n<link rel=\"canonical\" href=\"https:\/\/cbldm.uwr.edu.pl\/en\/wydarzenia-2\/konferencje\/\" \/>\n<meta property=\"og:locale\" content=\"en_US\" \/>\n<meta property=\"og:type\" content=\"article\" \/>\n<meta property=\"og:title\" content=\"Conferences - Centrum Bada\u0144 Literatury dla Dzieci i M\u0142odzie\u017cy\" \/>\n<meta property=\"og:url\" content=\"https:\/\/cbldm.uwr.edu.pl\/en\/wydarzenia-2\/konferencje\/\" \/>\n<meta property=\"og:site_name\" content=\"Centrum Bada\u0144 Literatury dla Dzieci i M\u0142odzie\u017cy\" \/>\n<meta property=\"article:modified_time\" content=\"2024-07-31T08:28:13+00:00\" \/>\n<meta property=\"og:image\" content=\"https:\/\/cbldm.uwr.edu.pl\/wp-content\/uploads\/sites\/644\/2024\/07\/konferencja-1024x576.png\" \/>\n\t<meta property=\"og:image:width\" content=\"1024\" \/>\n\t<meta property=\"og:image:height\" content=\"576\" \/>\n\t<meta property=\"og:image:type\" content=\"image\/png\" \/>\n<meta name=\"twitter:card\" content=\"summary_large_image\" \/>\n<meta name=\"twitter:label1\" content=\"Est. reading time\" \/>\n\t<meta name=\"twitter:data1\" content=\"1 minute\" \/>\n<script type=\"application\/ld+json\" class=\"yoast-schema-graph\">{\"@context\":\"https:\/\/schema.org\",\"@graph\":[{\"@type\":\"WebPage\",\"@id\":\"https:\/\/cbldm.uwr.edu.pl\/en\/wydarzenia-2\/konferencje\/\",\"url\":\"https:\/\/cbldm.uwr.edu.pl\/en\/wydarzenia-2\/konferencje\/\",\"name\":\"Conferences - Centrum Bada\u0144 Literatury dla Dzieci i M\u0142odzie\u017cy\",\"isPartOf\":{\"@id\":\"https:\/\/cbldm.uwr.edu.pl\/#website\"},\"primaryImageOfPage\":{\"@id\":\"https:\/\/cbldm.uwr.edu.pl\/en\/wydarzenia-2\/konferencje\/#primaryimage\"},\"image\":{\"@id\":\"https:\/\/cbldm.uwr.edu.pl\/en\/wydarzenia-2\/konferencje\/#primaryimage\"},\"thumbnailUrl\":\"https:\/\/cbldm.uwr.edu.pl\/wp-content\/uploads\/sites\/644\/2024\/07\/konferencja.png\",\"datePublished\":\"2024-07-29T06:18:11+00:00\",\"dateModified\":\"2024-07-31T08:28:13+00:00\",\"breadcrumb\":{\"@id\":\"https:\/\/cbldm.uwr.edu.pl\/en\/wydarzenia-2\/konferencje\/#breadcrumb\"},\"inLanguage\":\"en-US\",\"potentialAction\":[{\"@type\":\"ReadAction\",\"target\":[\"https:\/\/cbldm.uwr.edu.pl\/en\/wydarzenia-2\/konferencje\/\"]}]},{\"@type\":\"ImageObject\",\"inLanguage\":\"en-US\",\"@id\":\"https:\/\/cbldm.uwr.edu.pl\/en\/wydarzenia-2\/konferencje\/#primaryimage\",\"url\":\"https:\/\/cbldm.uwr.edu.pl\/wp-content\/uploads\/sites\/644\/2024\/07\/konferencja.png\",\"contentUrl\":\"https:\/\/cbldm.uwr.edu.pl\/wp-content\/uploads\/sites\/644\/2024\/07\/konferencja.png\",\"width\":1920,\"height\":1080},{\"@type\":\"BreadcrumbList\",\"@id\":\"https:\/\/cbldm.uwr.edu.pl\/en\/wydarzenia-2\/konferencje\/#breadcrumb\",\"itemListElement\":[{\"@type\":\"ListItem\",\"position\":1,\"name\":\"Strona g\u0142\u00f3wna\",\"item\":\"https:\/\/cbldm.uwr.edu.pl\/en\/\"},{\"@type\":\"ListItem\",\"position\":2,\"name\":\"Events\",\"item\":\"https:\/\/cbldm.uwr.edu.pl\/en\/wydarzenia-2\/\"},{\"@type\":\"ListItem\",\"position\":3,\"name\":\"Conferences\"}]},{\"@type\":\"WebSite\",\"@id\":\"https:\/\/cbldm.uwr.edu.pl\/#website\",\"url\":\"https:\/\/cbldm.uwr.edu.pl\/\",\"name\":\"Centrum Bada\u0144 Literatury dla Dzieci i M\u0142odzie\u017cy\",\"description\":\"Kolejna witryna sieci \u201eUWR Witryny\u201d\",\"publisher\":{\"@id\":\"https:\/\/cbldm.uwr.edu.pl\/#organization\"},\"potentialAction\":[{\"@type\":\"SearchAction\",\"target\":{\"@type\":\"EntryPoint\",\"urlTemplate\":\"https:\/\/cbldm.uwr.edu.pl\/?s={search_term_string}\"},\"query-input\":{\"@type\":\"PropertyValueSpecification\",\"valueRequired\":true,\"valueName\":\"search_term_string\"}}],\"inLanguage\":\"en-US\"},{\"@type\":\"Organization\",\"@id\":\"https:\/\/cbldm.uwr.edu.pl\/#organization\",\"name\":\"Centrum Bada\u0144 Literatury dla Dzieci i M\u0142odzie\u017cy\",\"url\":\"https:\/\/cbldm.uwr.edu.pl\/\",\"logo\":{\"@type\":\"ImageObject\",\"inLanguage\":\"en-US\",\"@id\":\"https:\/\/cbldm.uwr.edu.pl\/#\/schema\/logo\/image\/\",\"url\":\"https:\/\/cbldm.uwr.edu.pl\/wp-content\/uploads\/sites\/644\/2025\/10\/UWr-logotyp-2025.png\",\"contentUrl\":\"https:\/\/cbldm.uwr.edu.pl\/wp-content\/uploads\/sites\/644\/2025\/10\/UWr-logotyp-2025.png\",\"width\":764,\"height\":269,\"caption\":\"Centrum Bada\u0144 Literatury dla Dzieci i M\u0142odzie\u017cy\"},\"image\":{\"@id\":\"https:\/\/cbldm.uwr.edu.pl\/#\/schema\/logo\/image\/\"}}]}<\/script>\n<!-- \/ Yoast SEO plugin. -->","yoast_head_json":{"title":"Conferences - Centrum Bada\u0144 Literatury dla Dzieci i M\u0142odzie\u017cy","robots":{"index":"index","follow":"follow","max-snippet":"max-snippet:-1","max-image-preview":"max-image-preview:large","max-video-preview":"max-video-preview:-1"},"canonical":"https:\/\/cbldm.uwr.edu.pl\/en\/wydarzenia-2\/konferencje\/","og_locale":"en_US","og_type":"article","og_title":"Conferences - Centrum Bada\u0144 Literatury dla Dzieci i M\u0142odzie\u017cy","og_url":"https:\/\/cbldm.uwr.edu.pl\/en\/wydarzenia-2\/konferencje\/","og_site_name":"Centrum Bada\u0144 Literatury dla Dzieci i M\u0142odzie\u017cy","article_modified_time":"2024-07-31T08:28:13+00:00","og_image":[{"width":1024,"height":576,"url":"https:\/\/cbldm.uwr.edu.pl\/wp-content\/uploads\/sites\/644\/2024\/07\/konferencja-1024x576.png","type":"image\/png"}],"twitter_card":"summary_large_image","twitter_misc":{"Est. reading time":"1 minute"},"schema":{"@context":"https:\/\/schema.org","@graph":[{"@type":"WebPage","@id":"https:\/\/cbldm.uwr.edu.pl\/en\/wydarzenia-2\/konferencje\/","url":"https:\/\/cbldm.uwr.edu.pl\/en\/wydarzenia-2\/konferencje\/","name":"Conferences - Centrum Bada\u0144 Literatury dla Dzieci i M\u0142odzie\u017cy","isPartOf":{"@id":"https:\/\/cbldm.uwr.edu.pl\/#website"},"primaryImageOfPage":{"@id":"https:\/\/cbldm.uwr.edu.pl\/en\/wydarzenia-2\/konferencje\/#primaryimage"},"image":{"@id":"https:\/\/cbldm.uwr.edu.pl\/en\/wydarzenia-2\/konferencje\/#primaryimage"},"thumbnailUrl":"https:\/\/cbldm.uwr.edu.pl\/wp-content\/uploads\/sites\/644\/2024\/07\/konferencja.png","datePublished":"2024-07-29T06:18:11+00:00","dateModified":"2024-07-31T08:28:13+00:00","breadcrumb":{"@id":"https:\/\/cbldm.uwr.edu.pl\/en\/wydarzenia-2\/konferencje\/#breadcrumb"},"inLanguage":"en-US","potentialAction":[{"@type":"ReadAction","target":["https:\/\/cbldm.uwr.edu.pl\/en\/wydarzenia-2\/konferencje\/"]}]},{"@type":"ImageObject","inLanguage":"en-US","@id":"https:\/\/cbldm.uwr.edu.pl\/en\/wydarzenia-2\/konferencje\/#primaryimage","url":"https:\/\/cbldm.uwr.edu.pl\/wp-content\/uploads\/sites\/644\/2024\/07\/konferencja.png","contentUrl":"https:\/\/cbldm.uwr.edu.pl\/wp-content\/uploads\/sites\/644\/2024\/07\/konferencja.png","width":1920,"height":1080},{"@type":"BreadcrumbList","@id":"https:\/\/cbldm.uwr.edu.pl\/en\/wydarzenia-2\/konferencje\/#breadcrumb","itemListElement":[{"@type":"ListItem","position":1,"name":"Strona g\u0142\u00f3wna","item":"https:\/\/cbldm.uwr.edu.pl\/en\/"},{"@type":"ListItem","position":2,"name":"Events","item":"https:\/\/cbldm.uwr.edu.pl\/en\/wydarzenia-2\/"},{"@type":"ListItem","position":3,"name":"Conferences"}]},{"@type":"WebSite","@id":"https:\/\/cbldm.uwr.edu.pl\/#website","url":"https:\/\/cbldm.uwr.edu.pl\/","name":"Centrum Bada\u0144 Literatury dla Dzieci i M\u0142odzie\u017cy","description":"Kolejna witryna sieci \u201eUWR Witryny\u201d","publisher":{"@id":"https:\/\/cbldm.uwr.edu.pl\/#organization"},"potentialAction":[{"@type":"SearchAction","target":{"@type":"EntryPoint","urlTemplate":"https:\/\/cbldm.uwr.edu.pl\/?s={search_term_string}"},"query-input":{"@type":"PropertyValueSpecification","valueRequired":true,"valueName":"search_term_string"}}],"inLanguage":"en-US"},{"@type":"Organization","@id":"https:\/\/cbldm.uwr.edu.pl\/#organization","name":"Centrum Bada\u0144 Literatury dla Dzieci i M\u0142odzie\u017cy","url":"https:\/\/cbldm.uwr.edu.pl\/","logo":{"@type":"ImageObject","inLanguage":"en-US","@id":"https:\/\/cbldm.uwr.edu.pl\/#\/schema\/logo\/image\/","url":"https:\/\/cbldm.uwr.edu.pl\/wp-content\/uploads\/sites\/644\/2025\/10\/UWr-logotyp-2025.png","contentUrl":"https:\/\/cbldm.uwr.edu.pl\/wp-content\/uploads\/sites\/644\/2025\/10\/UWr-logotyp-2025.png","width":764,"height":269,"caption":"Centrum Bada\u0144 Literatury dla Dzieci i M\u0142odzie\u017cy"},"image":{"@id":"https:\/\/cbldm.uwr.edu.pl\/#\/schema\/logo\/image\/"}}]}},"publishpress_future_action":{"enabled":false,"date":"2026-04-18 18:27:51","action":"change-status","newStatus":"draft","terms":[],"taxonomy":"category","extraData":[]},"publishpress_future_workflow_manual_trigger":{"enabledWorkflows":[]},"_links":{"self":[{"href":"https:\/\/cbldm.uwr.edu.pl\/en\/wp-json\/wp\/v2\/pages\/27167\/"}],"collection":[{"href":"https:\/\/cbldm.uwr.edu.pl\/en\/wp-json\/wp\/v2\/pages\/"}],"about":[{"href":"https:\/\/cbldm.uwr.edu.pl\/en\/wp-json\/wp\/v2\/types\/page\/"}],"author":[{"embeddable":true,"href":"https:\/\/cbldm.uwr.edu.pl\/en\/wp-json\/wp\/v2\/users\/37\/"}],"replies":[{"embeddable":true,"href":"https:\/\/cbldm.uwr.edu.pl\/en\/wp-json\/wp\/v2\/comments\/?post=27167"}],"version-history":[{"count":1,"href":"https:\/\/cbldm.uwr.edu.pl\/en\/wp-json\/wp\/v2\/pages\/27167\/revisions\/"}],"predecessor-version":[{"id":27185,"href":"https:\/\/cbldm.uwr.edu.pl\/en\/wp-json\/wp\/v2\/pages\/27167\/revisions\/27185\/"}],"up":[{"embeddable":true,"href":"https:\/\/cbldm.uwr.edu.pl\/en\/wp-json\/wp\/v2\/pages\/27164\/"}],"wp:featuredmedia":[{"embeddable":true,"href":"https:\/\/cbldm.uwr.edu.pl\/en\/wp-json\/wp\/v2\/media\/25364\/"}],"wp:attachment":[{"href":"https:\/\/cbldm.uwr.edu.pl\/en\/wp-json\/wp\/v2\/media\/?parent=27167"}],"wp:term":[{"taxonomy":"category","embeddable":true,"href":"https:\/\/cbldm.uwr.edu.pl\/en\/wp-json\/wp\/v2\/categories\/?post=27167"},{"taxonomy":"post_tag","embeddable":true,"href":"https:\/\/cbldm.uwr.edu.pl\/en\/wp-json\/wp\/v2\/tags\/?post=27167"}],"curies":[{"name":"wp","href":"https:\/\/api.w.org\/{rel}","templated":true}]}}