{"id":27101,"date":"2024-07-29T08:15:45","date_gmt":"2024-07-29T06:15:45","guid":{"rendered":"https:\/\/cbldm.uwr.edu.pl\/aktywnosc-naukowa\/projekty\/"},"modified":"2024-07-31T10:19:09","modified_gmt":"2024-07-31T08:19:09","slug":"projekty","status":"publish","type":"page","link":"https:\/\/cbldm.uwr.edu.pl\/en\/aktywnosc-naukowa\/projekty\/","title":{"rendered":"Projects"},"content":{"rendered":"\n<div id=\"komunikaty aktualnosci-block\" class=\"komunikaty aktualnosci-block \">\n            <h2 class=\"komunikaty aktualnosci-block-naglowek\">Projects<\/h2>\n            <div class=\"row\">\n                    <div class=\"row first-row\">\n                <div class=\"first-box\">\n                                        <a href=\"https:\/\/cbldm.uwr.edu.pl\/en\/2024\/04\/04\/projekt-badawczo-edukacyjny-dr-hab-prof-uwr-justyny-deszcz-tryhubczak-i-dra-hab-mateusza-swietlickiego-2\/\">\n                        <div class=\"first-box-header\">\n                                                                                    <div class=\"first-box-background\" style=\"background-image: url('https:\/\/cbldm.uwr.edu.pl\/wp-content\/uploads\/sites\/644\/2024\/07\/seen-and-heard-1024x449.png')\">\n                                <div class=\"first-box-overlay\">\n                                    <div class=\"first-box-title\">\n                                        <h3>The research-educational project\u00a0Seen and Heard: Young People\u2019s Voices and Freedom of Expression<\/h3>\n                                    <\/div>\n                                <\/div>\n                            <\/div>\n                        <\/div>\n                    <\/a>\n                    <div class=\"first-box-content\">\n                        <span class=\"first-box-content-span\">\n                            We invite you to visit the website of the research-educational project\u00a0Seen and Heard: Young People\u2019s Voices and Freedom of Expression.                        <\/span>\n                    <\/div>\n                <\/div>\n                            <\/div>\n            <div class=\"box-clear\"><\/div>\n            <div class=\"row\">\n                \n                    <div class=\"news-box box-number-1\">\n                        <a href=\"https:\/\/cbldm.uwr.edu.pl\/en\/2019\/09\/26\/erasmus-mundus-international-master-in-childrens-literature-media-and-culture-imclmc-w-glasgow\/\">\n                            <div class=\"news-box-wrap\">\n\n                                <div class=\"news-box-header\">\n                                                                                                            <div class=\"news-box-background\" style=\"background-image: url('https:\/\/cbldm.uwr.edu.pl\/wp-content\/uploads\/sites\/644\/2024\/07\/71264800_10219309221028616_8672888943269642240_n.jpg')\">\n                                        <div class=\"second-box-overlay\">\n                                            <div class=\"news-box-content\">\n                                                <span>On 17-19 September, 2019, Dr Justyna Deszcz-Tryhubczak\u00a0and Dr Mateusz \u015awietlicki participated in the opening ceremony [&#8230;]<\/span>\n                                            <\/div>\n                                        <\/div>\n                                    <\/div>\n                                <\/div>\n\n\n                                <div class=\"news-box-title\">\n                                    <h3>\n                                        Erasmus Mundus International Master in Children\u2019s Literature, Media and Culture [&#8230;]                                    <\/h3>\n                                <\/div>\n\n                            <\/div>\n                        <\/a>\n                    <\/div>\n                                        <? \/\/restore_current_blog();\n                    ?>\n                \n                    <div class=\"news-box box-number-2\">\n                        <a href=\"https:\/\/cbldm.uwr.edu.pl\/en\/2019\/05\/18\/the-international-master-in-childrens-literature-media-and-culture\/\">\n                            <div class=\"news-box-wrap\">\n\n                                <div class=\"news-box-header\">\n                                                                                                            <div class=\"news-box-background\" style=\"background-image: url('https:\/\/cbldm.uwr.edu.pl\/wp-content\/uploads\/sites\/644\/2019\/05\/sitelogo_739128_en.png')\">\n                                        <div class=\"second-box-overlay\">\n                                            <div class=\"news-box-content\">\n                                                <span>On 17th January 2019 the Rector of the University of Wroc\u0142aw, Prof. Adam Jezierski, signed [&#8230;]<\/span>\n                                            <\/div>\n                                        <\/div>\n                                    <\/div>\n                                <\/div>\n\n\n                                <div class=\"news-box-title\">\n                                    <h3>\n                                        The International Master in Children\u2019s Literature, Media and Culture                                    <\/h3>\n                                <\/div>\n\n                            <\/div>\n                        <\/a>\n                    <\/div>\n                                        <? \/\/restore_current_blog();\n                    ?>\n                            <\/div>\n            <div class=\"box-clear\"><\/div>\n                <\/div>\n<div class=\"clear\"><\/div>\n\n\n<\/div>\n\n\n<div style=\"height:100px\" aria-hidden=\"true\" class=\"wp-block-spacer\"><\/div>\n","protected":false},"excerpt":{"rendered":"","protected":false},"author":37,"featured_media":24554,"parent":27098,"menu_order":2,"comment_status":"closed","ping_status":"closed","template":"","meta":{"_acf_changed":false,"inline_featured_image":false,"site-sidebar-layout":"default","site-content-layout":"","ast-site-content-layout":"default","site-content-style":"default","site-sidebar-style":"default","ast-global-header-display":"","ast-banner-title-visibility":"","ast-main-header-display":"","ast-hfb-above-header-display":"","ast-hfb-below-header-display":"","ast-hfb-mobile-header-display":"","site-post-title":"","ast-breadcrumbs-content":"","ast-featured-img":"","footer-sml-layout":"","ast-disable-related-posts":"","theme-transparent-header-meta":"","adv-header-id-meta":"","stick-header-meta":"","header-above-stick-meta":"","header-main-stick-meta":"","header-below-stick-meta":"","astra-migrate-meta-layouts":"default","ast-page-background-enabled":"default","ast-page-background-meta":{"desktop":{"background-color":"","background-image":"","background-repeat":"repeat","background-position":"center center","background-size":"auto","background-attachment":"scroll","background-type":"","background-media":"","overlay-type":"","overlay-color":"","overlay-opacity":"","overlay-gradient":""},"tablet":{"background-color":"","background-image":"","background-repeat":"repeat","background-position":"center center","background-size":"auto","background-attachment":"scroll","background-type":"","background-media":"","overlay-type":"","overlay-color":"","overlay-opacity":"","overlay-gradient":""},"mobile":{"background-color":"","background-image":"","background-repeat":"repeat","background-position":"center center","background-size":"auto","background-attachment":"scroll","background-type":"","background-media":"","overlay-type":"","overlay-color":"","overlay-opacity":"","overlay-gradient":""}},"ast-content-background-meta":{"desktop":{"background-color":"var(--ast-global-color-5)","background-image":"","background-repeat":"repeat","background-position":"center center","background-size":"auto","background-attachment":"scroll","background-type":"","background-media":"","overlay-type":"","overlay-color":"","overlay-opacity":"","overlay-gradient":""},"tablet":{"background-color":"var(--ast-global-color-5)","background-image":"","background-repeat":"repeat","background-position":"center center","background-size":"auto","background-attachment":"scroll","background-type":"","background-media":"","overlay-type":"","overlay-color":"","overlay-opacity":"","overlay-gradient":""},"mobile":{"background-color":"var(--ast-global-color-5)","background-image":"","background-repeat":"repeat","background-position":"center center","background-size":"auto","background-attachment":"scroll","background-type":"","background-media":"","overlay-type":"","overlay-color":"","overlay-opacity":"","overlay-gradient":""}},"footnotes":""},"categories":[],"tags":[],"class_list":["post-27101","page","type-page","status-publish","has-post-thumbnail","hentry"],"featured_image_urls_v2":{"full":["https:\/\/cbldm.uwr.edu.pl\/wp-content\/uploads\/sites\/644\/2024\/07\/Projekty.png",1920,1080,false],"thumbnail":["https:\/\/cbldm.uwr.edu.pl\/wp-content\/uploads\/sites\/644\/2024\/07\/Projekty-150x150.png",150,150,true],"medium":["https:\/\/cbldm.uwr.edu.pl\/wp-content\/uploads\/sites\/644\/2024\/07\/Projekty-300x169.png",300,169,true],"medium_large":["https:\/\/cbldm.uwr.edu.pl\/wp-content\/uploads\/sites\/644\/2024\/07\/Projekty-768x432.png",768,432,true],"large":["https:\/\/cbldm.uwr.edu.pl\/wp-content\/uploads\/sites\/644\/2024\/07\/Projekty-1024x576.png",1024,576,true],"1536x1536":["https:\/\/cbldm.uwr.edu.pl\/wp-content\/uploads\/sites\/644\/2024\/07\/Projekty-1536x864.png",1536,864,true],"2048x2048":["https:\/\/cbldm.uwr.edu.pl\/wp-content\/uploads\/sites\/644\/2024\/07\/Projekty.png",1920,1080,false],"menu-24x24":["https:\/\/cbldm.uwr.edu.pl\/wp-content\/uploads\/sites\/644\/2024\/07\/Projekty-24x14.png",24,14,true],"menu-36x36":["https:\/\/cbldm.uwr.edu.pl\/wp-content\/uploads\/sites\/644\/2024\/07\/Projekty-36x20.png",36,20,true],"menu-48x48":["https:\/\/cbldm.uwr.edu.pl\/wp-content\/uploads\/sites\/644\/2024\/07\/Projekty-48x27.png",48,27,true]},"post_excerpt_stackable_v2":"<p>Projects The research-educational project\u00a0Seen and Heard: Young People\u2019s Voices and Freedom of Expression We invite you to visit the website of the research-educational project\u00a0Seen and Heard: Young People\u2019s Voices and Freedom of Expression. On 17-19 September, 2019, Dr Justyna Deszcz-Tryhubczak\u00a0and Dr Mateusz \u015awietlicki participated in the opening ceremony [&#8230;] Erasmus Mundus International Master in Children\u2019s Literature, Media and Culture [&#8230;] On 17th January 2019 the Rector of the University of Wroc\u0142aw, Prof. Adam Jezierski, signed [&#8230;] The International Master in Children\u2019s Literature, Media and Culture<\/p>\n","category_list_v2":"Uncategorized","author_info_v2":{"name":"Izabela Jaraszek","url":"https:\/\/cbldm.uwr.edu.pl\/en\/author\/ijaraszek\/"},"comments_num_v2":"0 comments","acf":[],"yoast_head":"<!-- This site is optimized with the Yoast SEO plugin v27.1.1 - https:\/\/yoast.com\/product\/yoast-seo-wordpress\/ -->\n<title>Projects - Centrum Bada\u0144 Literatury dla Dzieci i M\u0142odzie\u017cy<\/title>\n<meta name=\"robots\" content=\"index, follow, max-snippet:-1, max-image-preview:large, max-video-preview:-1\" \/>\n<link rel=\"canonical\" href=\"https:\/\/cbldm.uwr.edu.pl\/en\/aktywnosc-naukowa\/projekty\/\" \/>\n<meta property=\"og:locale\" content=\"en_US\" \/>\n<meta property=\"og:type\" content=\"article\" \/>\n<meta property=\"og:title\" content=\"Projects - Centrum Bada\u0144 Literatury dla Dzieci i M\u0142odzie\u017cy\" \/>\n<meta property=\"og:url\" content=\"https:\/\/cbldm.uwr.edu.pl\/en\/aktywnosc-naukowa\/projekty\/\" \/>\n<meta property=\"og:site_name\" content=\"Centrum Bada\u0144 Literatury dla Dzieci i M\u0142odzie\u017cy\" \/>\n<meta property=\"article:modified_time\" content=\"2024-07-31T08:19:09+00:00\" \/>\n<meta property=\"og:image\" content=\"https:\/\/cbldm.uwr.edu.pl\/wp-content\/uploads\/sites\/644\/2024\/07\/Projekty-1024x576.png\" \/>\n\t<meta property=\"og:image:width\" content=\"1024\" \/>\n\t<meta property=\"og:image:height\" content=\"576\" \/>\n\t<meta property=\"og:image:type\" content=\"image\/png\" \/>\n<meta name=\"twitter:card\" content=\"summary_large_image\" \/>\n<meta name=\"twitter:label1\" content=\"Est. reading time\" \/>\n\t<meta name=\"twitter:data1\" content=\"1 minute\" \/>\n<script type=\"application\/ld+json\" class=\"yoast-schema-graph\">{\"@context\":\"https:\/\/schema.org\",\"@graph\":[{\"@type\":\"WebPage\",\"@id\":\"https:\/\/cbldm.uwr.edu.pl\/en\/aktywnosc-naukowa\/projekty\/\",\"url\":\"https:\/\/cbldm.uwr.edu.pl\/en\/aktywnosc-naukowa\/projekty\/\",\"name\":\"Projects - Centrum Bada\u0144 Literatury dla Dzieci i M\u0142odzie\u017cy\",\"isPartOf\":{\"@id\":\"https:\/\/cbldm.uwr.edu.pl\/#website\"},\"primaryImageOfPage\":{\"@id\":\"https:\/\/cbldm.uwr.edu.pl\/en\/aktywnosc-naukowa\/projekty\/#primaryimage\"},\"image\":{\"@id\":\"https:\/\/cbldm.uwr.edu.pl\/en\/aktywnosc-naukowa\/projekty\/#primaryimage\"},\"thumbnailUrl\":\"https:\/\/cbldm.uwr.edu.pl\/wp-content\/uploads\/sites\/644\/2024\/07\/Projekty.png\",\"datePublished\":\"2024-07-29T06:15:45+00:00\",\"dateModified\":\"2024-07-31T08:19:09+00:00\",\"breadcrumb\":{\"@id\":\"https:\/\/cbldm.uwr.edu.pl\/en\/aktywnosc-naukowa\/projekty\/#breadcrumb\"},\"inLanguage\":\"en-US\",\"potentialAction\":[{\"@type\":\"ReadAction\",\"target\":[\"https:\/\/cbldm.uwr.edu.pl\/en\/aktywnosc-naukowa\/projekty\/\"]}]},{\"@type\":\"ImageObject\",\"inLanguage\":\"en-US\",\"@id\":\"https:\/\/cbldm.uwr.edu.pl\/en\/aktywnosc-naukowa\/projekty\/#primaryimage\",\"url\":\"https:\/\/cbldm.uwr.edu.pl\/wp-content\/uploads\/sites\/644\/2024\/07\/Projekty.png\",\"contentUrl\":\"https:\/\/cbldm.uwr.edu.pl\/wp-content\/uploads\/sites\/644\/2024\/07\/Projekty.png\",\"width\":1920,\"height\":1080,\"caption\":\"Tworzenie projektu\"},{\"@type\":\"BreadcrumbList\",\"@id\":\"https:\/\/cbldm.uwr.edu.pl\/en\/aktywnosc-naukowa\/projekty\/#breadcrumb\",\"itemListElement\":[{\"@type\":\"ListItem\",\"position\":1,\"name\":\"Strona g\u0142\u00f3wna\",\"item\":\"https:\/\/cbldm.uwr.edu.pl\/en\/\"},{\"@type\":\"ListItem\",\"position\":2,\"name\":\"Scientific Activity\",\"item\":\"https:\/\/cbldm.uwr.edu.pl\/en\/aktywnosc-naukowa\/\"},{\"@type\":\"ListItem\",\"position\":3,\"name\":\"Projects\"}]},{\"@type\":\"WebSite\",\"@id\":\"https:\/\/cbldm.uwr.edu.pl\/#website\",\"url\":\"https:\/\/cbldm.uwr.edu.pl\/\",\"name\":\"Centrum Bada\u0144 Literatury dla Dzieci i M\u0142odzie\u017cy\",\"description\":\"Kolejna witryna sieci \u201eUWR Witryny\u201d\",\"publisher\":{\"@id\":\"https:\/\/cbldm.uwr.edu.pl\/#organization\"},\"potentialAction\":[{\"@type\":\"SearchAction\",\"target\":{\"@type\":\"EntryPoint\",\"urlTemplate\":\"https:\/\/cbldm.uwr.edu.pl\/?s={search_term_string}\"},\"query-input\":{\"@type\":\"PropertyValueSpecification\",\"valueRequired\":true,\"valueName\":\"search_term_string\"}}],\"inLanguage\":\"en-US\"},{\"@type\":\"Organization\",\"@id\":\"https:\/\/cbldm.uwr.edu.pl\/#organization\",\"name\":\"Centrum Bada\u0144 Literatury dla Dzieci i M\u0142odzie\u017cy\",\"url\":\"https:\/\/cbldm.uwr.edu.pl\/\",\"logo\":{\"@type\":\"ImageObject\",\"inLanguage\":\"en-US\",\"@id\":\"https:\/\/cbldm.uwr.edu.pl\/#\/schema\/logo\/image\/\",\"url\":\"https:\/\/cbldm.uwr.edu.pl\/wp-content\/uploads\/sites\/644\/2025\/10\/UWr-logotyp-2025.png\",\"contentUrl\":\"https:\/\/cbldm.uwr.edu.pl\/wp-content\/uploads\/sites\/644\/2025\/10\/UWr-logotyp-2025.png\",\"width\":764,\"height\":269,\"caption\":\"Centrum Bada\u0144 Literatury dla Dzieci i M\u0142odzie\u017cy\"},\"image\":{\"@id\":\"https:\/\/cbldm.uwr.edu.pl\/#\/schema\/logo\/image\/\"}}]}<\/script>\n<!-- \/ Yoast SEO plugin. -->","yoast_head_json":{"title":"Projects - Centrum Bada\u0144 Literatury dla Dzieci i M\u0142odzie\u017cy","robots":{"index":"index","follow":"follow","max-snippet":"max-snippet:-1","max-image-preview":"max-image-preview:large","max-video-preview":"max-video-preview:-1"},"canonical":"https:\/\/cbldm.uwr.edu.pl\/en\/aktywnosc-naukowa\/projekty\/","og_locale":"en_US","og_type":"article","og_title":"Projects - Centrum Bada\u0144 Literatury dla Dzieci i M\u0142odzie\u017cy","og_url":"https:\/\/cbldm.uwr.edu.pl\/en\/aktywnosc-naukowa\/projekty\/","og_site_name":"Centrum Bada\u0144 Literatury dla Dzieci i M\u0142odzie\u017cy","article_modified_time":"2024-07-31T08:19:09+00:00","og_image":[{"width":1024,"height":576,"url":"https:\/\/cbldm.uwr.edu.pl\/wp-content\/uploads\/sites\/644\/2024\/07\/Projekty-1024x576.png","type":"image\/png"}],"twitter_card":"summary_large_image","twitter_misc":{"Est. reading time":"1 minute"},"schema":{"@context":"https:\/\/schema.org","@graph":[{"@type":"WebPage","@id":"https:\/\/cbldm.uwr.edu.pl\/en\/aktywnosc-naukowa\/projekty\/","url":"https:\/\/cbldm.uwr.edu.pl\/en\/aktywnosc-naukowa\/projekty\/","name":"Projects - Centrum Bada\u0144 Literatury dla Dzieci i M\u0142odzie\u017cy","isPartOf":{"@id":"https:\/\/cbldm.uwr.edu.pl\/#website"},"primaryImageOfPage":{"@id":"https:\/\/cbldm.uwr.edu.pl\/en\/aktywnosc-naukowa\/projekty\/#primaryimage"},"image":{"@id":"https:\/\/cbldm.uwr.edu.pl\/en\/aktywnosc-naukowa\/projekty\/#primaryimage"},"thumbnailUrl":"https:\/\/cbldm.uwr.edu.pl\/wp-content\/uploads\/sites\/644\/2024\/07\/Projekty.png","datePublished":"2024-07-29T06:15:45+00:00","dateModified":"2024-07-31T08:19:09+00:00","breadcrumb":{"@id":"https:\/\/cbldm.uwr.edu.pl\/en\/aktywnosc-naukowa\/projekty\/#breadcrumb"},"inLanguage":"en-US","potentialAction":[{"@type":"ReadAction","target":["https:\/\/cbldm.uwr.edu.pl\/en\/aktywnosc-naukowa\/projekty\/"]}]},{"@type":"ImageObject","inLanguage":"en-US","@id":"https:\/\/cbldm.uwr.edu.pl\/en\/aktywnosc-naukowa\/projekty\/#primaryimage","url":"https:\/\/cbldm.uwr.edu.pl\/wp-content\/uploads\/sites\/644\/2024\/07\/Projekty.png","contentUrl":"https:\/\/cbldm.uwr.edu.pl\/wp-content\/uploads\/sites\/644\/2024\/07\/Projekty.png","width":1920,"height":1080,"caption":"Tworzenie projektu"},{"@type":"BreadcrumbList","@id":"https:\/\/cbldm.uwr.edu.pl\/en\/aktywnosc-naukowa\/projekty\/#breadcrumb","itemListElement":[{"@type":"ListItem","position":1,"name":"Strona g\u0142\u00f3wna","item":"https:\/\/cbldm.uwr.edu.pl\/en\/"},{"@type":"ListItem","position":2,"name":"Scientific Activity","item":"https:\/\/cbldm.uwr.edu.pl\/en\/aktywnosc-naukowa\/"},{"@type":"ListItem","position":3,"name":"Projects"}]},{"@type":"WebSite","@id":"https:\/\/cbldm.uwr.edu.pl\/#website","url":"https:\/\/cbldm.uwr.edu.pl\/","name":"Centrum Bada\u0144 Literatury dla Dzieci i M\u0142odzie\u017cy","description":"Kolejna witryna sieci \u201eUWR Witryny\u201d","publisher":{"@id":"https:\/\/cbldm.uwr.edu.pl\/#organization"},"potentialAction":[{"@type":"SearchAction","target":{"@type":"EntryPoint","urlTemplate":"https:\/\/cbldm.uwr.edu.pl\/?s={search_term_string}"},"query-input":{"@type":"PropertyValueSpecification","valueRequired":true,"valueName":"search_term_string"}}],"inLanguage":"en-US"},{"@type":"Organization","@id":"https:\/\/cbldm.uwr.edu.pl\/#organization","name":"Centrum Bada\u0144 Literatury dla Dzieci i M\u0142odzie\u017cy","url":"https:\/\/cbldm.uwr.edu.pl\/","logo":{"@type":"ImageObject","inLanguage":"en-US","@id":"https:\/\/cbldm.uwr.edu.pl\/#\/schema\/logo\/image\/","url":"https:\/\/cbldm.uwr.edu.pl\/wp-content\/uploads\/sites\/644\/2025\/10\/UWr-logotyp-2025.png","contentUrl":"https:\/\/cbldm.uwr.edu.pl\/wp-content\/uploads\/sites\/644\/2025\/10\/UWr-logotyp-2025.png","width":764,"height":269,"caption":"Centrum Bada\u0144 Literatury dla Dzieci i M\u0142odzie\u017cy"},"image":{"@id":"https:\/\/cbldm.uwr.edu.pl\/#\/schema\/logo\/image\/"}}]}},"publishpress_future_action":{"enabled":false,"date":"2026-04-18 18:27:52","action":"change-status","newStatus":"draft","terms":[],"taxonomy":"category","extraData":[]},"publishpress_future_workflow_manual_trigger":{"enabledWorkflows":[]},"_links":{"self":[{"href":"https:\/\/cbldm.uwr.edu.pl\/en\/wp-json\/wp\/v2\/pages\/27101\/"}],"collection":[{"href":"https:\/\/cbldm.uwr.edu.pl\/en\/wp-json\/wp\/v2\/pages\/"}],"about":[{"href":"https:\/\/cbldm.uwr.edu.pl\/en\/wp-json\/wp\/v2\/types\/page\/"}],"author":[{"embeddable":true,"href":"https:\/\/cbldm.uwr.edu.pl\/en\/wp-json\/wp\/v2\/users\/37\/"}],"replies":[{"embeddable":true,"href":"https:\/\/cbldm.uwr.edu.pl\/en\/wp-json\/wp\/v2\/comments\/?post=27101"}],"version-history":[{"count":3,"href":"https:\/\/cbldm.uwr.edu.pl\/en\/wp-json\/wp\/v2\/pages\/27101\/revisions\/"}],"predecessor-version":[{"id":27143,"href":"https:\/\/cbldm.uwr.edu.pl\/en\/wp-json\/wp\/v2\/pages\/27101\/revisions\/27143\/"}],"up":[{"embeddable":true,"href":"https:\/\/cbldm.uwr.edu.pl\/en\/wp-json\/wp\/v2\/pages\/27098\/"}],"wp:featuredmedia":[{"embeddable":true,"href":"https:\/\/cbldm.uwr.edu.pl\/en\/wp-json\/wp\/v2\/media\/24554\/"}],"wp:attachment":[{"href":"https:\/\/cbldm.uwr.edu.pl\/en\/wp-json\/wp\/v2\/media\/?parent=27101"}],"wp:term":[{"taxonomy":"category","embeddable":true,"href":"https:\/\/cbldm.uwr.edu.pl\/en\/wp-json\/wp\/v2\/categories\/?post=27101"},{"taxonomy":"post_tag","embeddable":true,"href":"https:\/\/cbldm.uwr.edu.pl\/en\/wp-json\/wp\/v2\/tags\/?post=27101"}],"curies":[{"name":"wp","href":"https:\/\/api.w.org\/{rel}","templated":true}]}}