{"id":27068,"date":"2024-07-29T08:11:56","date_gmt":"2024-07-29T06:11:56","guid":{"rendered":"https:\/\/cbldm.uwr.edu.pl\/o-nas\/regulamin\/"},"modified":"2024-07-31T10:02:52","modified_gmt":"2024-07-31T08:02:52","slug":"regulamin","status":"publish","type":"page","link":"https:\/\/cbldm.uwr.edu.pl\/en\/o-nas\/regulamin\/","title":{"rendered":"Regulations"},"content":{"rendered":"\n<div class=\"wp-block-ugb-container ugb-container blok_nowa_podstrona ugb-8dda971 ugb-container--v2 ugb-container--design-plain ugb-main-block\"><div class=\"ugb-inner-block\"><div class=\"ugb-block-content\"><div class=\"ugb-container__wrapper ugb-8dda971-wrapper\"><div class=\"ugb-container__side\"><div class=\"ugb-container__content-wrapper ugb-8dda971-content-wrapper\">\n<div class=\"wp-block-columns bs-news-page is-layout-flex wp-block-columns-is-layout-flex\">\n<div class=\"wp-block-column bs-contact-right-column is-layout-flow wp-block-column-is-layout-flow\">\n<div class=\"wp-block-bonasoft-modular-breadcrumbs-block\"><div class=\"bs_add_breadcrumb_trail\"><\/div><\/div>\n\n\n\n<hr class=\"wp-block-separator has-text-color has-black-color has-css-opacity has-black-background-color has-background is-style-wide bs-border-kontakt\"\/>\n<\/div>\n<\/div>\n\n\n\n<div class=\"wp-block-ugb-container ugb-container bs-news-page-under ugb-f8694ce ugb-container--v2 ugb-container--design-plain ugb-main-block\"><div class=\"ugb-inner-block\"><div class=\"ugb-block-content\"><div class=\"ugb-container__wrapper ugb-f8694ce-wrapper\"><div class=\"ugb-container__side\"><div class=\"ugb-container__content-wrapper ugb-f8694ce-content-wrapper\">\n<h2 class=\"wp-block-heading has-text-align-center\"><strong>REGULATIONS OF CENTRE FOR RESEARCH ON CHILDREN\u2019S AND YOUNG ADULT LITERATURE AT THE FACULTY OF LETTERS, AT THE UNIVERSITY OF WROC\u0141AW<\/strong><\/h2>\n\n\n\n<div style=\"height:70px\" aria-hidden=\"true\" class=\"wp-block-spacer\"><\/div>\n\n\n\n<h4 class=\"wp-block-heading has-text-align-center\">PREAMBLE<\/h4>\n\n\n\n<p>The Centre for Research on Children\u2019s and Young Adult Literature \/ Centrum Bada\u0144 Literatury dla Dzieci I M\u0142odzie\u017cy (hereinafter referred to as \u201cthe Centre\u201d) is cocreated by employees of the University of Wroc\u0142aw who conduct research on, archive or popularize literature for children and young adults.&nbsp;<\/p>\n\n\n\n<h4 class=\"wp-block-heading has-text-align-center\">\u00a71 GENERAL PROVISIONS<\/h4>\n\n\n\n<p>1) The Centre is a unit of the Faculty of Letters established by the Rector of the University of Wroc\u0142aw in Regulation No. 135\/2017.<\/p>\n\n\n\n<p>2) The Centre shall operate in its registered office at ul. Ku\u017anicza 21-22 in Wroc\u0142aw.<\/p>\n\n\n\n<p>3) The Regulations of the Centre (hereinafter referred to as the \u201cRegulations\u201d) shall define the tasks, the organisational structure, the procedure for appointing the internal bodies and the rules for the functioning of the Centre.<\/p>\n\n\n\n<p>4) The Centre for Literature Studies for Children and Young People has the organisational symbol \u201cCBLDM\u201d.<\/p>\n\n\n\n<p>5) The Centre may use the English name \u201cThe Centre for Research on Children\u2019s and Young Adult Literature\u201d.<\/p>\n\n\n\n<p>6) The Centre is under the authority of the Dean of the Faculty of Letters.<\/p>\n\n\n\n<h4 class=\"wp-block-heading has-text-align-center\">\u00a72 TASKS<\/h4>\n\n\n\n<p>The basic tasks of the Centre shall be:<\/p>\n\n\n\n<p>1) to support the individual and collective scientific activities of the members and collaborators of the Centre in the field of children\u2019s and young adult&nbsp; literature,<\/p>\n\n\n\n<p>2) to organise scientific events related to children\u2019s and young adult&nbsp; literature,<\/p>\n\n\n\n<p>3) to cooperate with research units of a similar profile, cultural institutions and schools in Poland and abroad,<\/p>\n\n\n\n<p>4) to disseminate knowledge about children\u2019s and young adult literature.<\/p>\n\n\n\n<h4 class=\"wp-block-heading has-text-align-center\">\u00a73 FINANCING OF ACTIVITIES<\/h4>\n\n\n\n<p>The Centre\u2019s activities are financed from the following sources:<\/p>\n\n\n\n<p>1) external sources,<\/p>\n\n\n\n<p>2) the funds at the disposal of the Faculty of Letters.<\/p>\n\n\n\n<h4 class=\"wp-block-heading has-text-align-center\">\u00a74 ORGANISATIONAL STRUCTURE<\/h4>\n\n\n\n<p>The Centre is managed by a Coordinator appointed and dismissed by the Rector at the request of the Dean of the Faculty of Letters, as advised by the Faculty Council.<\/p>\n\n\n\n<p>The Centre has the Programme Advisory Board and the Scientific Advisory Board appointed by the Dean of the Faculty of Letters at the request of the Coordinator.<\/p>\n\n\n\n<p><em><strong>COORDINATOR<\/strong><\/em><\/p>\n\n\n\n<p>1) The Coordinator of the Centre may be a member of the Programme Advisory Board.<\/p>\n\n\n\n<p>2) The candidate for the Coordinator shall be proposed by the Programme Advisory Board.<\/p>\n\n\n\n<p>3) The function of the Coordinator shall be for a term of office and may be renewed for a maximum of one term.<\/p>\n\n\n\n<p>4) The term of office of the Coordinator shall be four years and shall coincide with the term of office of the University authorities.<\/p>\n\n\n\n<p>5) The basic tasks of the Coordinator include:<\/p>\n\n\n\n<p>a) coordinating the activities of the Programme Advisory Board and the Scientific Advisory Board of the Centre,<\/p>\n\n\n\n<p>b) representing the Centre at external events,<\/p>\n\n\n\n<p>c) taking decisions under regulations or special provisions not reserved for other bodies necessary for the proper functioning of the Centre.<\/p>\n\n\n\n<p><em><strong>PROGRAMME ADVISORY BOARD<\/strong><\/em><\/p>\n\n\n\n<p>The Programme Advisory Board is a collegiate body which constitutes and controls the objectives of the Centre, determines the plans and principles of the Centre\u2019s operation and evaluates the implementation of these plans. The Programme Advisory Board has up to 9 members.<\/p>\n\n\n\n<p>1) A member of the Programme Board may be an employee of the Faculty of Letters with at least a PhD degree in humanities, having scholarly achievements in the field of children\u2019s and young adult literature or culture.<\/p>\n\n\n\n<p>2) The competencies of the Programme Advisory Board include:<\/p>\n\n\n\n<p>a) defining the objectives and shaping the research policy of the Centre,<\/p>\n\n\n\n<p>b) approving the long-term programme for the functioning and development of the Centre,<\/p>\n\n\n\n<p>c) proposing amendments to the Rules of Procedure,<\/p>\n\n\n\n<p>d) giving its opinion on draft amendments to the internal organisational structure of the Centre.<\/p>\n\n\n\n<p>3) Resolutions of the Programme Advisory Board shall be adopted by a simple majority of votes.<\/p>\n\n\n\n<p>4) Meetings of the Programme Advisory Board shall be held at least twice a year. They are convened at least two weeks in advance by the Centre\u2019s Coordinator.<\/p>\n\n\n\n<p><em><strong>SCIENTIFIC ADVISORY BOARD<\/strong><\/em><\/p>\n\n\n\n<p>The Scientific Advisory Board is an advisory body that provides substantive support to the Programme Council.<\/p>\n\n\n\n<p>1) The Scientific Advisory Board shall consist of persons having at least a PhD degree and being experts in the field of children\u2019s and young adult&nbsp; literature or culture.<\/p>\n\n\n\n<p>2) The Scientific Advisory Board shall be elected for a term of office. Membership in the Board may be renewed.<\/p>\n\n\n\n<p>3) The term of office of the Scientific Advisory Board shall be four years and shall coincide with the term of office of the university authorities.<\/p>\n\n\n\n<p>4) The competences of the Scientific Advisory Board shall include:<\/p>\n\n\n\n<p>a) verifying the Centre\u2019s research objectives and policy,<\/p>\n\n\n\n<p>b) contributing to the long-term programme of the Centre\u2019s operation and development,<\/p>\n\n\n\n<p>c) reviewing individual research projects of the Centre.<\/p>\n\n\n\n<p><em><strong>MEMBERS OF THE CENTRE<\/strong><\/em><\/p>\n\n\n\n<p>A member of the Centre may be an employee of the Faculty of Letters of the University of Wroc\u0142aw who is involved in scientific, educational, archiving or popularizing activities related to children\u2019s and YA literature or culture and who receives the approval of the Programme Advisory Board.<\/p>\n\n\n\n<p>The Centre may cooperate with employees of the University of Wroc\u0142aw, other higher education institutions, educational institutions and cultural institutions dealing with scientific, educational, archiving or popularizing activities related to children\u2019s and YA literature or culture, who obtain the approval of the Programme Advisory Board. Such persons shall have the status of collaborators of the Centre.<\/p>\n\n\n\n<h4 class=\"wp-block-heading has-text-align-center\">\u00a75 FINAL PROVISIONS<\/h4>\n\n\n\n<p>Amendments to the Centre\u2019s Rules of Procedure shall be made by the Dean at the request of the Centre\u2019s Coordinator or at the Dean\u2019s own initiative.<\/p>\n<\/div><\/div><\/div><\/div><\/div><\/div>\n<\/div><\/div><\/div><\/div><\/div><\/div>\n","protected":false},"excerpt":{"rendered":"<p>REGULATIONS OF CENTRE FOR RESEARCH ON CHILDREN\u2019S AND YOUNG ADULT LITERATURE AT THE FACULTY OF LETTERS, AT THE UNIVERSITY OF WROC\u0141AW PREAMBLE The Centre for Research on Children\u2019s and Young Adult Literature \/ Centrum Bada\u0144 Literatury dla Dzieci I M\u0142odzie\u017cy (hereinafter referred to as \u201cthe Centre\u201d) is cocreated by employees of the University of Wroc\u0142aw [&hellip;]<\/p>\n","protected":false},"author":37,"featured_media":0,"parent":27059,"menu_order":3,"comment_status":"closed","ping_status":"closed","template":"","meta":{"_acf_changed":false,"inline_featured_image":false,"site-sidebar-layout":"default","site-content-layout":"","ast-site-content-layout":"default","site-content-style":"default","site-sidebar-style":"default","ast-global-header-display":"","ast-banner-title-visibility":"","ast-main-header-display":"","ast-hfb-above-header-display":"","ast-hfb-below-header-display":"","ast-hfb-mobile-header-display":"","site-post-title":"","ast-breadcrumbs-content":"","ast-featured-img":"","footer-sml-layout":"","ast-disable-related-posts":"","theme-transparent-header-meta":"","adv-header-id-meta":"","stick-header-meta":"","header-above-stick-meta":"","header-main-stick-meta":"","header-below-stick-meta":"","astra-migrate-meta-layouts":"default","ast-page-background-enabled":"default","ast-page-background-meta":{"desktop":{"background-color":"","background-image":"","background-repeat":"repeat","background-position":"center center","background-size":"auto","background-attachment":"scroll","background-type":"","background-media":"","overlay-type":"","overlay-color":"","overlay-opacity":"","overlay-gradient":""},"tablet":{"background-color":"","background-image":"","background-repeat":"repeat","background-position":"center center","background-size":"auto","background-attachment":"scroll","background-type":"","background-media":"","overlay-type":"","overlay-color":"","overlay-opacity":"","overlay-gradient":""},"mobile":{"background-color":"","background-image":"","background-repeat":"repeat","background-position":"center center","background-size":"auto","background-attachment":"scroll","background-type":"","background-media":"","overlay-type":"","overlay-color":"","overlay-opacity":"","overlay-gradient":""}},"ast-content-background-meta":{"desktop":{"background-color":"var(--ast-global-color-5)","background-image":"","background-repeat":"repeat","background-position":"center center","background-size":"auto","background-attachment":"scroll","background-type":"","background-media":"","overlay-type":"","overlay-color":"","overlay-opacity":"","overlay-gradient":""},"tablet":{"background-color":"var(--ast-global-color-5)","background-image":"","background-repeat":"repeat","background-position":"center center","background-size":"auto","background-attachment":"scroll","background-type":"","background-media":"","overlay-type":"","overlay-color":"","overlay-opacity":"","overlay-gradient":""},"mobile":{"background-color":"var(--ast-global-color-5)","background-image":"","background-repeat":"repeat","background-position":"center center","background-size":"auto","background-attachment":"scroll","background-type":"","background-media":"","overlay-type":"","overlay-color":"","overlay-opacity":"","overlay-gradient":""}},"footnotes":""},"categories":[],"tags":[],"class_list":["post-27068","page","type-page","status-publish","hentry"],"featured_image_urls_v2":{"full":"","thumbnail":"","medium":"","medium_large":"","large":"","1536x1536":"","2048x2048":"","menu-24x24":"","menu-36x36":"","menu-48x48":""},"post_excerpt_stackable_v2":"<p>REGULATIONS OF CENTRE FOR RESEARCH ON CHILDREN\u2019S AND YOUNG ADULT LITERATURE AT THE FACULTY OF LETTERS, AT THE UNIVERSITY OF WROC\u0141AW PREAMBLE The Centre for Research on Children\u2019s and Young Adult Literature \/ Centrum Bada\u0144 Literatury dla Dzieci I M\u0142odzie\u017cy (hereinafter referred to as \u201cthe Centre\u201d) is cocreated by employees of the University of Wroc\u0142aw who conduct research on, archive or popularize literature for children and young adults.&nbsp; \u00a71 GENERAL PROVISIONS 1) The Centre is a unit of the Faculty of Letters established by the Rector of the University of Wroc\u0142aw in Regulation No. 135\/2017. 2) The Centre shall operate&hellip;<\/p>\n","category_list_v2":"Uncategorized","author_info_v2":{"name":"Izabela Jaraszek","url":"https:\/\/cbldm.uwr.edu.pl\/en\/author\/ijaraszek\/"},"comments_num_v2":"0 comments","acf":[],"yoast_head":"<!-- This site is optimized with the Yoast SEO plugin v27.1.1 - https:\/\/yoast.com\/product\/yoast-seo-wordpress\/ -->\n<title>Regulations - Centrum Bada\u0144 Literatury dla Dzieci i M\u0142odzie\u017cy<\/title>\n<meta name=\"robots\" content=\"index, follow, max-snippet:-1, max-image-preview:large, max-video-preview:-1\" \/>\n<link rel=\"canonical\" href=\"https:\/\/cbldm.uwr.edu.pl\/en\/o-nas\/regulamin\/\" \/>\n<meta property=\"og:locale\" content=\"en_US\" \/>\n<meta property=\"og:type\" content=\"article\" \/>\n<meta property=\"og:title\" content=\"Regulations - Centrum Bada\u0144 Literatury dla Dzieci i M\u0142odzie\u017cy\" \/>\n<meta property=\"og:description\" content=\"REGULATIONS OF CENTRE FOR RESEARCH ON CHILDREN\u2019S AND YOUNG ADULT LITERATURE AT THE FACULTY OF LETTERS, AT THE UNIVERSITY OF WROC\u0141AW PREAMBLE The Centre for Research on Children\u2019s and Young Adult Literature \/ Centrum Bada\u0144 Literatury dla Dzieci I M\u0142odzie\u017cy (hereinafter referred to as \u201cthe Centre\u201d) is cocreated by employees of the University of Wroc\u0142aw [&hellip;]\" \/>\n<meta property=\"og:url\" content=\"https:\/\/cbldm.uwr.edu.pl\/en\/o-nas\/regulamin\/\" \/>\n<meta property=\"og:site_name\" content=\"Centrum Bada\u0144 Literatury dla Dzieci i M\u0142odzie\u017cy\" \/>\n<meta property=\"article:modified_time\" content=\"2024-07-31T08:02:52+00:00\" \/>\n<meta name=\"twitter:card\" content=\"summary_large_image\" \/>\n<meta name=\"twitter:label1\" content=\"Est. reading time\" \/>\n\t<meta name=\"twitter:data1\" content=\"6 minutes\" \/>\n<script type=\"application\/ld+json\" class=\"yoast-schema-graph\">{\"@context\":\"https:\/\/schema.org\",\"@graph\":[{\"@type\":\"WebPage\",\"@id\":\"https:\/\/cbldm.uwr.edu.pl\/en\/o-nas\/regulamin\/\",\"url\":\"https:\/\/cbldm.uwr.edu.pl\/en\/o-nas\/regulamin\/\",\"name\":\"Regulations - Centrum Bada\u0144 Literatury dla Dzieci i M\u0142odzie\u017cy\",\"isPartOf\":{\"@id\":\"https:\/\/cbldm.uwr.edu.pl\/#website\"},\"datePublished\":\"2024-07-29T06:11:56+00:00\",\"dateModified\":\"2024-07-31T08:02:52+00:00\",\"breadcrumb\":{\"@id\":\"https:\/\/cbldm.uwr.edu.pl\/en\/o-nas\/regulamin\/#breadcrumb\"},\"inLanguage\":\"en-US\",\"potentialAction\":[{\"@type\":\"ReadAction\",\"target\":[\"https:\/\/cbldm.uwr.edu.pl\/en\/o-nas\/regulamin\/\"]}]},{\"@type\":\"BreadcrumbList\",\"@id\":\"https:\/\/cbldm.uwr.edu.pl\/en\/o-nas\/regulamin\/#breadcrumb\",\"itemListElement\":[{\"@type\":\"ListItem\",\"position\":1,\"name\":\"Strona g\u0142\u00f3wna\",\"item\":\"https:\/\/cbldm.uwr.edu.pl\/en\/\"},{\"@type\":\"ListItem\",\"position\":2,\"name\":\"About us\",\"item\":\"https:\/\/cbldm.uwr.edu.pl\/en\/o-nas\/\"},{\"@type\":\"ListItem\",\"position\":3,\"name\":\"Regulations\"}]},{\"@type\":\"WebSite\",\"@id\":\"https:\/\/cbldm.uwr.edu.pl\/#website\",\"url\":\"https:\/\/cbldm.uwr.edu.pl\/\",\"name\":\"Centrum Bada\u0144 Literatury dla Dzieci i M\u0142odzie\u017cy\",\"description\":\"Kolejna witryna sieci \u201eUWR Witryny\u201d\",\"publisher\":{\"@id\":\"https:\/\/cbldm.uwr.edu.pl\/#organization\"},\"potentialAction\":[{\"@type\":\"SearchAction\",\"target\":{\"@type\":\"EntryPoint\",\"urlTemplate\":\"https:\/\/cbldm.uwr.edu.pl\/?s={search_term_string}\"},\"query-input\":{\"@type\":\"PropertyValueSpecification\",\"valueRequired\":true,\"valueName\":\"search_term_string\"}}],\"inLanguage\":\"en-US\"},{\"@type\":\"Organization\",\"@id\":\"https:\/\/cbldm.uwr.edu.pl\/#organization\",\"name\":\"Centrum Bada\u0144 Literatury dla Dzieci i M\u0142odzie\u017cy\",\"url\":\"https:\/\/cbldm.uwr.edu.pl\/\",\"logo\":{\"@type\":\"ImageObject\",\"inLanguage\":\"en-US\",\"@id\":\"https:\/\/cbldm.uwr.edu.pl\/#\/schema\/logo\/image\/\",\"url\":\"https:\/\/cbldm.uwr.edu.pl\/wp-content\/uploads\/sites\/644\/2025\/10\/UWr-logotyp-2025.png\",\"contentUrl\":\"https:\/\/cbldm.uwr.edu.pl\/wp-content\/uploads\/sites\/644\/2025\/10\/UWr-logotyp-2025.png\",\"width\":764,\"height\":269,\"caption\":\"Centrum Bada\u0144 Literatury dla Dzieci i M\u0142odzie\u017cy\"},\"image\":{\"@id\":\"https:\/\/cbldm.uwr.edu.pl\/#\/schema\/logo\/image\/\"}}]}<\/script>\n<!-- \/ Yoast SEO plugin. -->","yoast_head_json":{"title":"Regulations - Centrum Bada\u0144 Literatury dla Dzieci i M\u0142odzie\u017cy","robots":{"index":"index","follow":"follow","max-snippet":"max-snippet:-1","max-image-preview":"max-image-preview:large","max-video-preview":"max-video-preview:-1"},"canonical":"https:\/\/cbldm.uwr.edu.pl\/en\/o-nas\/regulamin\/","og_locale":"en_US","og_type":"article","og_title":"Regulations - Centrum Bada\u0144 Literatury dla Dzieci i M\u0142odzie\u017cy","og_description":"REGULATIONS OF CENTRE FOR RESEARCH ON CHILDREN\u2019S AND YOUNG ADULT LITERATURE AT THE FACULTY OF LETTERS, AT THE UNIVERSITY OF WROC\u0141AW PREAMBLE The Centre for Research on Children\u2019s and Young Adult Literature \/ Centrum Bada\u0144 Literatury dla Dzieci I M\u0142odzie\u017cy (hereinafter referred to as \u201cthe Centre\u201d) is cocreated by employees of the University of Wroc\u0142aw [&hellip;]","og_url":"https:\/\/cbldm.uwr.edu.pl\/en\/o-nas\/regulamin\/","og_site_name":"Centrum Bada\u0144 Literatury dla Dzieci i M\u0142odzie\u017cy","article_modified_time":"2024-07-31T08:02:52+00:00","twitter_card":"summary_large_image","twitter_misc":{"Est. reading time":"6 minutes"},"schema":{"@context":"https:\/\/schema.org","@graph":[{"@type":"WebPage","@id":"https:\/\/cbldm.uwr.edu.pl\/en\/o-nas\/regulamin\/","url":"https:\/\/cbldm.uwr.edu.pl\/en\/o-nas\/regulamin\/","name":"Regulations - Centrum Bada\u0144 Literatury dla Dzieci i M\u0142odzie\u017cy","isPartOf":{"@id":"https:\/\/cbldm.uwr.edu.pl\/#website"},"datePublished":"2024-07-29T06:11:56+00:00","dateModified":"2024-07-31T08:02:52+00:00","breadcrumb":{"@id":"https:\/\/cbldm.uwr.edu.pl\/en\/o-nas\/regulamin\/#breadcrumb"},"inLanguage":"en-US","potentialAction":[{"@type":"ReadAction","target":["https:\/\/cbldm.uwr.edu.pl\/en\/o-nas\/regulamin\/"]}]},{"@type":"BreadcrumbList","@id":"https:\/\/cbldm.uwr.edu.pl\/en\/o-nas\/regulamin\/#breadcrumb","itemListElement":[{"@type":"ListItem","position":1,"name":"Strona g\u0142\u00f3wna","item":"https:\/\/cbldm.uwr.edu.pl\/en\/"},{"@type":"ListItem","position":2,"name":"About us","item":"https:\/\/cbldm.uwr.edu.pl\/en\/o-nas\/"},{"@type":"ListItem","position":3,"name":"Regulations"}]},{"@type":"WebSite","@id":"https:\/\/cbldm.uwr.edu.pl\/#website","url":"https:\/\/cbldm.uwr.edu.pl\/","name":"Centrum Bada\u0144 Literatury dla Dzieci i M\u0142odzie\u017cy","description":"Kolejna witryna sieci \u201eUWR Witryny\u201d","publisher":{"@id":"https:\/\/cbldm.uwr.edu.pl\/#organization"},"potentialAction":[{"@type":"SearchAction","target":{"@type":"EntryPoint","urlTemplate":"https:\/\/cbldm.uwr.edu.pl\/?s={search_term_string}"},"query-input":{"@type":"PropertyValueSpecification","valueRequired":true,"valueName":"search_term_string"}}],"inLanguage":"en-US"},{"@type":"Organization","@id":"https:\/\/cbldm.uwr.edu.pl\/#organization","name":"Centrum Bada\u0144 Literatury dla Dzieci i M\u0142odzie\u017cy","url":"https:\/\/cbldm.uwr.edu.pl\/","logo":{"@type":"ImageObject","inLanguage":"en-US","@id":"https:\/\/cbldm.uwr.edu.pl\/#\/schema\/logo\/image\/","url":"https:\/\/cbldm.uwr.edu.pl\/wp-content\/uploads\/sites\/644\/2025\/10\/UWr-logotyp-2025.png","contentUrl":"https:\/\/cbldm.uwr.edu.pl\/wp-content\/uploads\/sites\/644\/2025\/10\/UWr-logotyp-2025.png","width":764,"height":269,"caption":"Centrum Bada\u0144 Literatury dla Dzieci i M\u0142odzie\u017cy"},"image":{"@id":"https:\/\/cbldm.uwr.edu.pl\/#\/schema\/logo\/image\/"}}]}},"publishpress_future_action":{"enabled":false,"date":"2026-04-18 19:54:29","action":"change-status","newStatus":"draft","terms":[],"taxonomy":"category","extraData":[]},"publishpress_future_workflow_manual_trigger":{"enabledWorkflows":[]},"_links":{"self":[{"href":"https:\/\/cbldm.uwr.edu.pl\/en\/wp-json\/wp\/v2\/pages\/27068\/"}],"collection":[{"href":"https:\/\/cbldm.uwr.edu.pl\/en\/wp-json\/wp\/v2\/pages\/"}],"about":[{"href":"https:\/\/cbldm.uwr.edu.pl\/en\/wp-json\/wp\/v2\/types\/page\/"}],"author":[{"embeddable":true,"href":"https:\/\/cbldm.uwr.edu.pl\/en\/wp-json\/wp\/v2\/users\/37\/"}],"replies":[{"embeddable":true,"href":"https:\/\/cbldm.uwr.edu.pl\/en\/wp-json\/wp\/v2\/comments\/?post=27068"}],"version-history":[{"count":1,"href":"https:\/\/cbldm.uwr.edu.pl\/en\/wp-json\/wp\/v2\/pages\/27068\/revisions\/"}],"predecessor-version":[{"id":27086,"href":"https:\/\/cbldm.uwr.edu.pl\/en\/wp-json\/wp\/v2\/pages\/27068\/revisions\/27086\/"}],"up":[{"embeddable":true,"href":"https:\/\/cbldm.uwr.edu.pl\/en\/wp-json\/wp\/v2\/pages\/27059\/"}],"wp:attachment":[{"href":"https:\/\/cbldm.uwr.edu.pl\/en\/wp-json\/wp\/v2\/media\/?parent=27068"}],"wp:term":[{"taxonomy":"category","embeddable":true,"href":"https:\/\/cbldm.uwr.edu.pl\/en\/wp-json\/wp\/v2\/categories\/?post=27068"},{"taxonomy":"post_tag","embeddable":true,"href":"https:\/\/cbldm.uwr.edu.pl\/en\/wp-json\/wp\/v2\/tags\/?post=27068"}],"curies":[{"name":"wp","href":"https:\/\/api.w.org\/{rel}","templated":true}]}}