{"id":27065,"date":"2024-07-29T08:11:31","date_gmt":"2024-07-29T06:11:31","guid":{"rendered":"https:\/\/cbldm.uwr.edu.pl\/o-nas\/zespol\/"},"modified":"2024-12-18T08:45:14","modified_gmt":"2024-12-18T07:45:14","slug":"zespol","status":"publish","type":"page","link":"https:\/\/cbldm.uwr.edu.pl\/en\/o-nas\/zespol\/","title":{"rendered":"Team"},"content":{"rendered":"\n<div class=\"alignfull wp-block-ugb-container ugb-container bs-konferencje-akordeony ugb-0ce70e5 ugb-container--v2 ugb-container--design-plain ugb-main-block\"><style>@media screen and (min-width:768px){.ugb-0ce70e5.ugb-container{margin-bottom:0px !important;padding-right:0px !important;padding-bottom:50px !important;padding-left:0px !important}}@media screen and (min-width:768px){.ugb-0ce70e5 > .ugb-inner-block > .ugb-block-content > *{padding-top:0px !important;padding-bottom:0px !important;padding-right:0px !important;padding-left:0px !important}}<\/style><div class=\"ugb-inner-block\"><div class=\"ugb-block-content\"><div class=\"ugb-container__wrapper ugb-0ce70e5-wrapper\"><div class=\"ugb-container__side\"><div class=\"ugb-container__content-wrapper ugb-0ce70e5-content-wrapper\">\n<div class=\"wp-block-media-text alignwide is-stacked-on-mobile is-vertically-aligned-top is-image-fill bs-naglowek-szablonu-kolumny\"><figure class=\"wp-block-media-text__media\" style=\"background-image:url(https:\/\/cbldm.uwr.edu.pl\/wp-content\/uploads\/sites\/644\/2024\/07\/zespol-1024x576.png);background-position:50% 50%\"><img loading=\"lazy\" decoding=\"async\" width=\"1024\" height=\"576\" src=\"https:\/\/cbldm.uwr.edu.pl\/wp-content\/uploads\/sites\/644\/2024\/07\/zespol-1024x576.png\" alt=\"Dzieci z ksi\u0105\u017ckami le\u017c\u0105ce na trawie\" class=\"wp-image-24491 size-full\" srcset=\"https:\/\/cbldm.uwr.edu.pl\/wp-content\/uploads\/sites\/644\/2024\/07\/zespol-1024x576.png 1024w, https:\/\/cbldm.uwr.edu.pl\/wp-content\/uploads\/sites\/644\/2024\/07\/zespol-300x169.png 300w, https:\/\/cbldm.uwr.edu.pl\/wp-content\/uploads\/sites\/644\/2024\/07\/zespol-768x432.png 768w, https:\/\/cbldm.uwr.edu.pl\/wp-content\/uploads\/sites\/644\/2024\/07\/zespol-1536x864.png 1536w, https:\/\/cbldm.uwr.edu.pl\/wp-content\/uploads\/sites\/644\/2024\/07\/zespol-1320x743.png 1320w, https:\/\/cbldm.uwr.edu.pl\/wp-content\/uploads\/sites\/644\/2024\/07\/zespol-24x14.png 24w, https:\/\/cbldm.uwr.edu.pl\/wp-content\/uploads\/sites\/644\/2024\/07\/zespol-36x20.png 36w, https:\/\/cbldm.uwr.edu.pl\/wp-content\/uploads\/sites\/644\/2024\/07\/zespol-48x27.png 48w, https:\/\/cbldm.uwr.edu.pl\/wp-content\/uploads\/sites\/644\/2024\/07\/zespol.png 1920w\" sizes=\"auto, (max-width: 1024px) 100vw, 1024px\" \/><\/figure><div class=\"wp-block-media-text__content\">\n<div class=\"wp-block-bonasoft-modular-breadcrumbs-block\"><div class=\"bs_add_breadcrumb_trail\"><\/div><\/div>\n\n\n\n<hr class=\"wp-block-separator has-text-color has-black-color has-css-opacity has-black-background-color has-background is-style-wide bs-border-kontakt\"\/>\n\n\n<h1 style=\"font-style:normal;font-weight:700;\" class=\"bs-naglowek-podstrony wp-block-post-title\">Team<\/h1><\/div><\/div>\n\n\n\n<div class=\"wp-block-ugb-container ugb-container bs-strona-konferencje ugb-c7271f6 ugb-container--v2 ugb-container--design-plain ugb-main-block\"><style>@media screen and (min-width:768px){.ugb-c7271f6.ugb-container{margin-bottom:0% !important;margin-right:6% !important;margin-left:6% !important}}@media screen and (min-width:768px){.ugb-c7271f6 > .ugb-inner-block > .ugb-block-content > *{padding-top:0px !important;padding-bottom:0px !important;padding-right:0px !important;padding-left:0px !important}}<\/style><div class=\"ugb-inner-block\"><div class=\"ugb-block-content\"><div class=\"ugb-container__wrapper ugb-c7271f6-wrapper\"><div class=\"ugb-container__side\"><div class=\"ugb-container__content-wrapper ugb-c7271f6-content-wrapper\">\n<div style=\"height:40px\" aria-hidden=\"true\" class=\"wp-block-spacer\"><\/div>\n\n\n\n<h2 class=\"wp-block-heading bs-naglowek-z-kolorem\"><strong>Director 2024-2028<\/strong><\/h2>\n\n\n\n<p><strong>Dr hab. Katarzyna Biernacka-Licznar, prof. UWr <\/strong>(Institute of Classic, Mediterranean and Oriental Studies)<\/p>\n\n\n\n<h2 class=\"wp-block-heading bs-naglowek-z-kolorem\"><strong>Deputy Director 2024-2028<\/strong><\/h2>\n\n\n\n<p><strong>Dr El\u017cbieta Jamr\u00f3z-Stolarska <\/strong>(Institute of Information and Media Studies)<\/p>\n\n\n\n<h2 class=\"wp-block-heading bs-naglowek-z-kolorem\"><strong>Programme Advisory Board 2024-2028<\/strong><\/h2>\n\n\n\n<p><strong>Dr hab. Katarzyna Biernacka-Licznar, prof. UWr<\/strong> (Institute of Classic, Mediterranean and Oriental Studies)<\/p>\n\n\n\n<p><strong>Dr hab. Justyna Deszcz-Tryhubczak, prof. UWr<\/strong> (Institute of English Studies)<\/p>\n\n\n\n<p><strong>Dr Bo\u017cena Hojka <\/strong>(Institute of Information and Media Studies)<\/p>\n\n\n\n<p><strong>Dr El\u017cbieta Jamr\u00f3z-Stolarska <\/strong>(Institute of Information and Media Studies)<\/p>\n\n\n\n<p><strong>Dr hab. Irena Barbara Kalla, prof. UWr <\/strong>(Chair of Dutch Studies)<\/p>\n\n\n\n<p><strong>Dr hab. Natalia Paprocka, prof. UWr <\/strong>(Institute of Romance Studies)<\/p>\n\n\n\n<p><strong>Dr hab. Mateusz \u015awietlicki<\/strong> (Institute of English Studies)<\/p>\n\n\n\n<p><strong>Dr hab. Agnieszka Wandel, prof. UWr <\/strong>(Institute of Information and Media Studies)<\/p>\n\n\n\n<h2 class=\"wp-block-heading bs-naglowek-z-kolorem\"><strong>Members<\/strong><\/h2>\n\n\n\n<p><strong>Dr Agnieszka August-Zar\u0119bska<\/strong> (Department of Jewish Studies)<\/p>\n\n\n\n<p><strong>Dr hab. Agnieszka Jagodzi\u0144ska, prof. UWr<\/strong> (Department of Jewish Studies)<\/p>\n\n\n\n<p><strong>Dr Sylwia Kami\u0144ska-Maci\u0105g<\/strong> (Institute of Slavic Studies)<\/p>\n\n\n\n<p><strong>Dr hab. Grzegorz Kowal, prof. UWr<\/strong> (Institute of German Studies)<\/p>\n\n\n\n<p><strong>Mgr Aleksandra Markiewicz<\/strong> (Chair of Dutch Studies)<\/p>\n\n\n\n<p><strong>Dr Magdalena \u015alawska<\/strong> (Institute of Slavic Studies)<\/p>\n\n\n\n<p><strong>Dr Dorota \u017bygad\u0142o-Czopnik<\/strong> (Institute of Slavic Studies)<\/p>\n\n\n\n<h2 class=\"wp-block-heading bs-naglowek-z-kolorem\"><strong>Collaborators<\/strong><\/h2>\n\n\n\n<p><strong>Dr Magdalena Grycan <\/strong>(University of Warsaw)<\/p>\n\n\n\n<p><strong>Mgr Joanna Karmasz <\/strong>(University of Warsaw)<\/p>\n\n\n\n<p><strong>Dr Ewa Kl\u0119czaj-Siara <\/strong>(University of Radom)<\/p>\n\n\n\n<p><strong>Mgr Natalia Lazreg<\/strong> (PhD student)<\/p>\n\n\n\n<p><strong>Dr hab. Ewa Maciejewska-Mroczek<\/strong> (University of Warsaw)<\/p>\n\n\n\n<p><strong>Mgr Sylwia Marciniak<\/strong>\u00a0(doktorantka)<\/p>\n\n\n\n<p><strong>Dr Ewa Nicewicz<\/strong> (Cardinal Stefan Wyszy\u0144ski University in Warsaw)<\/p>\n\n\n\n<p><strong>Mgr Milena Osowska<\/strong> (PhD student)<\/p>\n\n\n\n<p><strong>Dr Krzysztof Rybak <\/strong>(University of Warsaw)<\/p>\n\n\n\n<p><strong>Dalia \u017bminkowska<\/strong> (Austrian Library, University of Wroc\u0142aw Library)<\/p>\n<\/div><\/div><\/div><\/div><\/div><\/div>\n<\/div><\/div><\/div><\/div><\/div><\/div>\n","protected":false},"excerpt":{"rendered":"<p>Director 2024-2028 Dr hab. Katarzyna Biernacka-Licznar, prof. UWr (Institute of Classic, Mediterranean and Oriental Studies) Deputy Director 2024-2028 Dr El\u017cbieta Jamr\u00f3z-Stolarska (Institute of Information and Media Studies) Programme Advisory Board 2024-2028 Dr hab. Katarzyna Biernacka-Licznar, prof. UWr (Institute of Classic, Mediterranean and Oriental Studies) Dr hab. Justyna Deszcz-Tryhubczak, prof. UWr (Institute of English Studies) Dr [&hellip;]<\/p>\n","protected":false},"author":37,"featured_media":0,"parent":27059,"menu_order":2,"comment_status":"closed","ping_status":"closed","template":"","meta":{"_acf_changed":false,"inline_featured_image":false,"site-sidebar-layout":"default","site-content-layout":"","ast-site-content-layout":"default","site-content-style":"default","site-sidebar-style":"default","ast-global-header-display":"","ast-banner-title-visibility":"","ast-main-header-display":"","ast-hfb-above-header-display":"","ast-hfb-below-header-display":"","ast-hfb-mobile-header-display":"","site-post-title":"","ast-breadcrumbs-content":"","ast-featured-img":"","footer-sml-layout":"","ast-disable-related-posts":"","theme-transparent-header-meta":"","adv-header-id-meta":"","stick-header-meta":"","header-above-stick-meta":"","header-main-stick-meta":"","header-below-stick-meta":"","astra-migrate-meta-layouts":"set","ast-page-background-enabled":"default","ast-page-background-meta":{"desktop":{"background-color":"","background-image":"","background-repeat":"repeat","background-position":"center center","background-size":"auto","background-attachment":"scroll","background-type":"","background-media":"","overlay-type":"","overlay-color":"","overlay-opacity":"","overlay-gradient":""},"tablet":{"background-color":"","background-image":"","background-repeat":"repeat","background-position":"center center","background-size":"auto","background-attachment":"scroll","background-type":"","background-media":"","overlay-type":"","overlay-color":"","overlay-opacity":"","overlay-gradient":""},"mobile":{"background-color":"","background-image":"","background-repeat":"repeat","background-position":"center center","background-size":"auto","background-attachment":"scroll","background-type":"","background-media":"","overlay-type":"","overlay-color":"","overlay-opacity":"","overlay-gradient":""}},"ast-content-background-meta":{"desktop":{"background-color":"var(--ast-global-color-5)","background-image":"","background-repeat":"repeat","background-position":"center center","background-size":"auto","background-attachment":"scroll","background-type":"","background-media":"","overlay-type":"","overlay-color":"","overlay-opacity":"","overlay-gradient":""},"tablet":{"background-color":"var(--ast-global-color-5)","background-image":"","background-repeat":"repeat","background-position":"center center","background-size":"auto","background-attachment":"scroll","background-type":"","background-media":"","overlay-type":"","overlay-color":"","overlay-opacity":"","overlay-gradient":""},"mobile":{"background-color":"var(--ast-global-color-5)","background-image":"","background-repeat":"repeat","background-position":"center center","background-size":"auto","background-attachment":"scroll","background-type":"","background-media":"","overlay-type":"","overlay-color":"","overlay-opacity":"","overlay-gradient":""}},"footnotes":""},"categories":[],"tags":[],"class_list":["post-27065","page","type-page","status-publish","hentry"],"featured_image_urls_v2":{"full":"","thumbnail":"","medium":"","medium_large":"","large":"","1536x1536":"","2048x2048":"","menu-24x24":"","menu-36x36":"","menu-48x48":""},"post_excerpt_stackable_v2":"<p>Team Director 2024-2028 Dr hab. Katarzyna Biernacka-Licznar, prof. UWr (Institute of Classic, Mediterranean and Oriental Studies) Deputy Director 2024-2028 Dr El\u017cbieta Jamr\u00f3z-Stolarska (Institute of Information and Media Studies) Programme Advisory Board 2024-2028 Dr hab. Katarzyna Biernacka-Licznar, prof. UWr (Institute of Classic, Mediterranean and Oriental Studies) Dr hab. Justyna Deszcz-Tryhubczak, prof. UWr (Institute of English Studies) Dr Bo\u017cena Hojka (Institute of Information and Media Studies) Dr El\u017cbieta Jamr\u00f3z-Stolarska (Institute of Information and Media Studies) Dr hab. Irena Barbara Kalla, prof. UWr (Chair of Dutch Studies) Dr hab. Natalia Paprocka, prof. UWr (Institute of Romance Studies) Dr hab. Mateusz \u015awietlicki (Institute of&hellip;<\/p>\n","category_list_v2":"Uncategorized","author_info_v2":{"name":"Izabela Jaraszek","url":"https:\/\/cbldm.uwr.edu.pl\/en\/author\/ijaraszek\/"},"comments_num_v2":"0 comments","acf":[],"yoast_head":"<!-- This site is optimized with the Yoast SEO plugin v27.1.1 - https:\/\/yoast.com\/product\/yoast-seo-wordpress\/ -->\n<title>Team - Centrum Bada\u0144 Literatury dla Dzieci i M\u0142odzie\u017cy<\/title>\n<meta name=\"robots\" content=\"index, follow, max-snippet:-1, max-image-preview:large, max-video-preview:-1\" \/>\n<link rel=\"canonical\" href=\"https:\/\/cbldm.uwr.edu.pl\/en\/o-nas\/zespol\/\" \/>\n<meta property=\"og:locale\" content=\"en_US\" \/>\n<meta property=\"og:type\" content=\"article\" \/>\n<meta property=\"og:title\" content=\"Team - Centrum Bada\u0144 Literatury dla Dzieci i M\u0142odzie\u017cy\" \/>\n<meta property=\"og:description\" content=\"Director 2024-2028 Dr hab. Katarzyna Biernacka-Licznar, prof. UWr (Institute of Classic, Mediterranean and Oriental Studies) Deputy Director 2024-2028 Dr El\u017cbieta Jamr\u00f3z-Stolarska (Institute of Information and Media Studies) Programme Advisory Board 2024-2028 Dr hab. Katarzyna Biernacka-Licznar, prof. UWr (Institute of Classic, Mediterranean and Oriental Studies) Dr hab. Justyna Deszcz-Tryhubczak, prof. UWr (Institute of English Studies) Dr [&hellip;]\" \/>\n<meta property=\"og:url\" content=\"https:\/\/cbldm.uwr.edu.pl\/en\/o-nas\/zespol\/\" \/>\n<meta property=\"og:site_name\" content=\"Centrum Bada\u0144 Literatury dla Dzieci i M\u0142odzie\u017cy\" \/>\n<meta property=\"article:modified_time\" content=\"2024-12-18T07:45:14+00:00\" \/>\n<meta property=\"og:image\" content=\"https:\/\/cbldm.uwr.edu.pl\/wp-content\/uploads\/sites\/644\/2024\/07\/zespol-1024x576.png\" \/>\n\t<meta property=\"og:image:width\" content=\"1024\" \/>\n\t<meta property=\"og:image:height\" content=\"576\" \/>\n\t<meta property=\"og:image:type\" content=\"image\/png\" \/>\n<meta name=\"twitter:card\" content=\"summary_large_image\" \/>\n<meta name=\"twitter:label1\" content=\"Est. reading time\" \/>\n\t<meta name=\"twitter:data1\" content=\"2 minutes\" \/>\n<script type=\"application\/ld+json\" class=\"yoast-schema-graph\">{\"@context\":\"https:\/\/schema.org\",\"@graph\":[{\"@type\":\"WebPage\",\"@id\":\"https:\/\/cbldm.uwr.edu.pl\/en\/o-nas\/zespol\/\",\"url\":\"https:\/\/cbldm.uwr.edu.pl\/en\/o-nas\/zespol\/\",\"name\":\"Team - Centrum Bada\u0144 Literatury dla Dzieci i M\u0142odzie\u017cy\",\"isPartOf\":{\"@id\":\"https:\/\/cbldm.uwr.edu.pl\/#website\"},\"primaryImageOfPage\":{\"@id\":\"https:\/\/cbldm.uwr.edu.pl\/en\/o-nas\/zespol\/#primaryimage\"},\"image\":{\"@id\":\"https:\/\/cbldm.uwr.edu.pl\/en\/o-nas\/zespol\/#primaryimage\"},\"thumbnailUrl\":\"https:\/\/cbldm.uwr.edu.pl\/wp-content\/uploads\/sites\/644\/2024\/07\/zespol-1024x576.png\",\"datePublished\":\"2024-07-29T06:11:31+00:00\",\"dateModified\":\"2024-12-18T07:45:14+00:00\",\"breadcrumb\":{\"@id\":\"https:\/\/cbldm.uwr.edu.pl\/en\/o-nas\/zespol\/#breadcrumb\"},\"inLanguage\":\"en-US\",\"potentialAction\":[{\"@type\":\"ReadAction\",\"target\":[\"https:\/\/cbldm.uwr.edu.pl\/en\/o-nas\/zespol\/\"]}]},{\"@type\":\"ImageObject\",\"inLanguage\":\"en-US\",\"@id\":\"https:\/\/cbldm.uwr.edu.pl\/en\/o-nas\/zespol\/#primaryimage\",\"url\":\"https:\/\/cbldm.uwr.edu.pl\/wp-content\/uploads\/sites\/644\/2024\/07\/zespol-1024x576.png\",\"contentUrl\":\"https:\/\/cbldm.uwr.edu.pl\/wp-content\/uploads\/sites\/644\/2024\/07\/zespol-1024x576.png\"},{\"@type\":\"BreadcrumbList\",\"@id\":\"https:\/\/cbldm.uwr.edu.pl\/en\/o-nas\/zespol\/#breadcrumb\",\"itemListElement\":[{\"@type\":\"ListItem\",\"position\":1,\"name\":\"Strona g\u0142\u00f3wna\",\"item\":\"https:\/\/cbldm.uwr.edu.pl\/en\/\"},{\"@type\":\"ListItem\",\"position\":2,\"name\":\"About us\",\"item\":\"https:\/\/cbldm.uwr.edu.pl\/en\/o-nas\/\"},{\"@type\":\"ListItem\",\"position\":3,\"name\":\"Team\"}]},{\"@type\":\"WebSite\",\"@id\":\"https:\/\/cbldm.uwr.edu.pl\/#website\",\"url\":\"https:\/\/cbldm.uwr.edu.pl\/\",\"name\":\"Centrum Bada\u0144 Literatury dla Dzieci i M\u0142odzie\u017cy\",\"description\":\"Kolejna witryna sieci \u201eUWR Witryny\u201d\",\"publisher\":{\"@id\":\"https:\/\/cbldm.uwr.edu.pl\/#organization\"},\"potentialAction\":[{\"@type\":\"SearchAction\",\"target\":{\"@type\":\"EntryPoint\",\"urlTemplate\":\"https:\/\/cbldm.uwr.edu.pl\/?s={search_term_string}\"},\"query-input\":{\"@type\":\"PropertyValueSpecification\",\"valueRequired\":true,\"valueName\":\"search_term_string\"}}],\"inLanguage\":\"en-US\"},{\"@type\":\"Organization\",\"@id\":\"https:\/\/cbldm.uwr.edu.pl\/#organization\",\"name\":\"Centrum Bada\u0144 Literatury dla Dzieci i M\u0142odzie\u017cy\",\"url\":\"https:\/\/cbldm.uwr.edu.pl\/\",\"logo\":{\"@type\":\"ImageObject\",\"inLanguage\":\"en-US\",\"@id\":\"https:\/\/cbldm.uwr.edu.pl\/#\/schema\/logo\/image\/\",\"url\":\"https:\/\/cbldm.uwr.edu.pl\/wp-content\/uploads\/sites\/644\/2025\/10\/UWr-logotyp-2025.png\",\"contentUrl\":\"https:\/\/cbldm.uwr.edu.pl\/wp-content\/uploads\/sites\/644\/2025\/10\/UWr-logotyp-2025.png\",\"width\":764,\"height\":269,\"caption\":\"Centrum Bada\u0144 Literatury dla Dzieci i M\u0142odzie\u017cy\"},\"image\":{\"@id\":\"https:\/\/cbldm.uwr.edu.pl\/#\/schema\/logo\/image\/\"}}]}<\/script>\n<!-- \/ Yoast SEO plugin. -->","yoast_head_json":{"title":"Team - Centrum Bada\u0144 Literatury dla Dzieci i M\u0142odzie\u017cy","robots":{"index":"index","follow":"follow","max-snippet":"max-snippet:-1","max-image-preview":"max-image-preview:large","max-video-preview":"max-video-preview:-1"},"canonical":"https:\/\/cbldm.uwr.edu.pl\/en\/o-nas\/zespol\/","og_locale":"en_US","og_type":"article","og_title":"Team - Centrum Bada\u0144 Literatury dla Dzieci i M\u0142odzie\u017cy","og_description":"Director 2024-2028 Dr hab. Katarzyna Biernacka-Licznar, prof. UWr (Institute of Classic, Mediterranean and Oriental Studies) Deputy Director 2024-2028 Dr El\u017cbieta Jamr\u00f3z-Stolarska (Institute of Information and Media Studies) Programme Advisory Board 2024-2028 Dr hab. Katarzyna Biernacka-Licznar, prof. UWr (Institute of Classic, Mediterranean and Oriental Studies) Dr hab. Justyna Deszcz-Tryhubczak, prof. UWr (Institute of English Studies) Dr [&hellip;]","og_url":"https:\/\/cbldm.uwr.edu.pl\/en\/o-nas\/zespol\/","og_site_name":"Centrum Bada\u0144 Literatury dla Dzieci i M\u0142odzie\u017cy","article_modified_time":"2024-12-18T07:45:14+00:00","og_image":[{"width":1024,"height":576,"url":"https:\/\/cbldm.uwr.edu.pl\/wp-content\/uploads\/sites\/644\/2024\/07\/zespol-1024x576.png","type":"image\/png"}],"twitter_card":"summary_large_image","twitter_misc":{"Est. reading time":"2 minutes"},"schema":{"@context":"https:\/\/schema.org","@graph":[{"@type":"WebPage","@id":"https:\/\/cbldm.uwr.edu.pl\/en\/o-nas\/zespol\/","url":"https:\/\/cbldm.uwr.edu.pl\/en\/o-nas\/zespol\/","name":"Team - Centrum Bada\u0144 Literatury dla Dzieci i M\u0142odzie\u017cy","isPartOf":{"@id":"https:\/\/cbldm.uwr.edu.pl\/#website"},"primaryImageOfPage":{"@id":"https:\/\/cbldm.uwr.edu.pl\/en\/o-nas\/zespol\/#primaryimage"},"image":{"@id":"https:\/\/cbldm.uwr.edu.pl\/en\/o-nas\/zespol\/#primaryimage"},"thumbnailUrl":"https:\/\/cbldm.uwr.edu.pl\/wp-content\/uploads\/sites\/644\/2024\/07\/zespol-1024x576.png","datePublished":"2024-07-29T06:11:31+00:00","dateModified":"2024-12-18T07:45:14+00:00","breadcrumb":{"@id":"https:\/\/cbldm.uwr.edu.pl\/en\/o-nas\/zespol\/#breadcrumb"},"inLanguage":"en-US","potentialAction":[{"@type":"ReadAction","target":["https:\/\/cbldm.uwr.edu.pl\/en\/o-nas\/zespol\/"]}]},{"@type":"ImageObject","inLanguage":"en-US","@id":"https:\/\/cbldm.uwr.edu.pl\/en\/o-nas\/zespol\/#primaryimage","url":"https:\/\/cbldm.uwr.edu.pl\/wp-content\/uploads\/sites\/644\/2024\/07\/zespol-1024x576.png","contentUrl":"https:\/\/cbldm.uwr.edu.pl\/wp-content\/uploads\/sites\/644\/2024\/07\/zespol-1024x576.png"},{"@type":"BreadcrumbList","@id":"https:\/\/cbldm.uwr.edu.pl\/en\/o-nas\/zespol\/#breadcrumb","itemListElement":[{"@type":"ListItem","position":1,"name":"Strona g\u0142\u00f3wna","item":"https:\/\/cbldm.uwr.edu.pl\/en\/"},{"@type":"ListItem","position":2,"name":"About us","item":"https:\/\/cbldm.uwr.edu.pl\/en\/o-nas\/"},{"@type":"ListItem","position":3,"name":"Team"}]},{"@type":"WebSite","@id":"https:\/\/cbldm.uwr.edu.pl\/#website","url":"https:\/\/cbldm.uwr.edu.pl\/","name":"Centrum Bada\u0144 Literatury dla Dzieci i M\u0142odzie\u017cy","description":"Kolejna witryna sieci \u201eUWR Witryny\u201d","publisher":{"@id":"https:\/\/cbldm.uwr.edu.pl\/#organization"},"potentialAction":[{"@type":"SearchAction","target":{"@type":"EntryPoint","urlTemplate":"https:\/\/cbldm.uwr.edu.pl\/?s={search_term_string}"},"query-input":{"@type":"PropertyValueSpecification","valueRequired":true,"valueName":"search_term_string"}}],"inLanguage":"en-US"},{"@type":"Organization","@id":"https:\/\/cbldm.uwr.edu.pl\/#organization","name":"Centrum Bada\u0144 Literatury dla Dzieci i M\u0142odzie\u017cy","url":"https:\/\/cbldm.uwr.edu.pl\/","logo":{"@type":"ImageObject","inLanguage":"en-US","@id":"https:\/\/cbldm.uwr.edu.pl\/#\/schema\/logo\/image\/","url":"https:\/\/cbldm.uwr.edu.pl\/wp-content\/uploads\/sites\/644\/2025\/10\/UWr-logotyp-2025.png","contentUrl":"https:\/\/cbldm.uwr.edu.pl\/wp-content\/uploads\/sites\/644\/2025\/10\/UWr-logotyp-2025.png","width":764,"height":269,"caption":"Centrum Bada\u0144 Literatury dla Dzieci i M\u0142odzie\u017cy"},"image":{"@id":"https:\/\/cbldm.uwr.edu.pl\/#\/schema\/logo\/image\/"}}]}},"publishpress_future_action":{"enabled":false,"date":"2026-04-18 18:11:21","action":"change-status","newStatus":"draft","terms":[],"taxonomy":"category","extraData":[]},"publishpress_future_workflow_manual_trigger":{"enabledWorkflows":[]},"_links":{"self":[{"href":"https:\/\/cbldm.uwr.edu.pl\/en\/wp-json\/wp\/v2\/pages\/27065\/"}],"collection":[{"href":"https:\/\/cbldm.uwr.edu.pl\/en\/wp-json\/wp\/v2\/pages\/"}],"about":[{"href":"https:\/\/cbldm.uwr.edu.pl\/en\/wp-json\/wp\/v2\/types\/page\/"}],"author":[{"embeddable":true,"href":"https:\/\/cbldm.uwr.edu.pl\/en\/wp-json\/wp\/v2\/users\/37\/"}],"replies":[{"embeddable":true,"href":"https:\/\/cbldm.uwr.edu.pl\/en\/wp-json\/wp\/v2\/comments\/?post=27065"}],"version-history":[{"count":8,"href":"https:\/\/cbldm.uwr.edu.pl\/en\/wp-json\/wp\/v2\/pages\/27065\/revisions\/"}],"predecessor-version":[{"id":29885,"href":"https:\/\/cbldm.uwr.edu.pl\/en\/wp-json\/wp\/v2\/pages\/27065\/revisions\/29885\/"}],"up":[{"embeddable":true,"href":"https:\/\/cbldm.uwr.edu.pl\/en\/wp-json\/wp\/v2\/pages\/27059\/"}],"wp:attachment":[{"href":"https:\/\/cbldm.uwr.edu.pl\/en\/wp-json\/wp\/v2\/media\/?parent=27065"}],"wp:term":[{"taxonomy":"category","embeddable":true,"href":"https:\/\/cbldm.uwr.edu.pl\/en\/wp-json\/wp\/v2\/categories\/?post=27065"},{"taxonomy":"post_tag","embeddable":true,"href":"https:\/\/cbldm.uwr.edu.pl\/en\/wp-json\/wp\/v2\/tags\/?post=27065"}],"curies":[{"name":"wp","href":"https:\/\/api.w.org\/{rel}","templated":true}]}}