{"id":27062,"date":"2024-07-29T08:11:16","date_gmt":"2024-07-29T06:11:16","guid":{"rendered":"https:\/\/cbldm.uwr.edu.pl\/o-nas\/rada-naukowa\/"},"modified":"2024-11-05T14:33:18","modified_gmt":"2024-11-05T13:33:18","slug":"rada-naukowa","status":"publish","type":"page","link":"https:\/\/cbldm.uwr.edu.pl\/en\/o-nas\/rada-naukowa\/","title":{"rendered":"Scientific Advisory Board"},"content":{"rendered":"\n<div class=\"alignfull wp-block-ugb-container ugb-container bs-konferencje-akordeony ugb-12c4a27 ugb-container--v2 ugb-container--design-plain ugb-main-block\"><style>@media screen and (min-width:768px){.ugb-12c4a27.ugb-container{margin-bottom:0px !important;padding-right:0px !important;padding-bottom:50px !important;padding-left:0px !important}}@media screen and (min-width:768px){.ugb-12c4a27 > .ugb-inner-block > .ugb-block-content > *{padding-top:0px !important;padding-bottom:0px !important;padding-right:0px !important;padding-left:0px !important}}<\/style><div class=\"ugb-inner-block\"><div class=\"ugb-block-content\"><div class=\"ugb-container__wrapper ugb-12c4a27-wrapper\"><div class=\"ugb-container__side\"><div class=\"ugb-container__content-wrapper ugb-12c4a27-content-wrapper\">\n<div class=\"wp-block-media-text alignwide is-stacked-on-mobile is-vertically-aligned-top is-image-fill bs-naglowek-szablonu-kolumny\"><figure class=\"wp-block-media-text__media\" style=\"background-image:url(https:\/\/cbldm.uwr.edu.pl\/wp-content\/uploads\/sites\/644\/2024\/07\/rada-naukowa-1024x576.png);background-position:50% 50%\"><img loading=\"lazy\" decoding=\"async\" width=\"1024\" height=\"576\" src=\"https:\/\/cbldm.uwr.edu.pl\/wp-content\/uploads\/sites\/644\/2024\/07\/rada-naukowa-1024x576.png\" alt=\"Dzieci siedz\u0105ce w bibliotece\" class=\"wp-image-24473 size-full\" srcset=\"https:\/\/cbldm.uwr.edu.pl\/wp-content\/uploads\/sites\/644\/2024\/07\/rada-naukowa-1024x576.png 1024w, https:\/\/cbldm.uwr.edu.pl\/wp-content\/uploads\/sites\/644\/2024\/07\/rada-naukowa-300x169.png 300w, https:\/\/cbldm.uwr.edu.pl\/wp-content\/uploads\/sites\/644\/2024\/07\/rada-naukowa-768x432.png 768w, https:\/\/cbldm.uwr.edu.pl\/wp-content\/uploads\/sites\/644\/2024\/07\/rada-naukowa-1536x864.png 1536w, https:\/\/cbldm.uwr.edu.pl\/wp-content\/uploads\/sites\/644\/2024\/07\/rada-naukowa-1320x743.png 1320w, https:\/\/cbldm.uwr.edu.pl\/wp-content\/uploads\/sites\/644\/2024\/07\/rada-naukowa-24x14.png 24w, https:\/\/cbldm.uwr.edu.pl\/wp-content\/uploads\/sites\/644\/2024\/07\/rada-naukowa-36x20.png 36w, https:\/\/cbldm.uwr.edu.pl\/wp-content\/uploads\/sites\/644\/2024\/07\/rada-naukowa-48x27.png 48w, https:\/\/cbldm.uwr.edu.pl\/wp-content\/uploads\/sites\/644\/2024\/07\/rada-naukowa.png 1920w\" sizes=\"auto, (max-width: 1024px) 100vw, 1024px\" \/><\/figure><div class=\"wp-block-media-text__content\">\n<div class=\"wp-block-bonasoft-modular-breadcrumbs-block\"><div class=\"bs_add_breadcrumb_trail\"><\/div><\/div>\n\n\n\n<hr class=\"wp-block-separator has-text-color has-black-color has-css-opacity has-black-background-color has-background is-style-wide bs-border-kontakt\"\/>\n\n\n<h1 style=\"font-style:normal;font-weight:700;\" class=\"bs-naglowek-podstrony wp-block-post-title\">Scientific Advisory Board<\/h1><\/div><\/div>\n\n\n\n<div class=\"wp-block-ugb-container ugb-container bs-strona-konferencje ugb-002ab8b ugb-container--v2 ugb-container--design-plain ugb-main-block\"><style>@media screen and (min-width:768px){.ugb-002ab8b.ugb-container{margin-bottom:0% !important;margin-right:6% !important;margin-left:6% !important}}@media screen and (min-width:768px){.ugb-002ab8b > .ugb-inner-block > .ugb-block-content > *{padding-top:0px !important;padding-bottom:0px !important;padding-right:0px !important;padding-left:0px !important}}<\/style><div class=\"ugb-inner-block\"><div class=\"ugb-block-content\"><div class=\"ugb-container__wrapper ugb-002ab8b-wrapper\"><div class=\"ugb-container__side\"><div class=\"ugb-container__content-wrapper ugb-002ab8b-content-wrapper\">\n<h2 class=\"wp-block-heading\"><strong>Scientific Advisory Board 2024-2028<\/strong><\/h2>\n\n\n\n<p><strong>Prof. Evelyn Arizpe<\/strong> (University of Glasgow, UK)<\/p>\n\n\n\n<p><strong>Prof. Marina Balina<\/strong> (Illinois Wesleyan University, USA)<\/p>\n\n\n\n<p><strong>Dr Marnie Campagnaro <\/strong>(Universit\u00e0 degli Studi di Padova, Italy)<\/p>\n\n\n\n<p><strong>Dr hab. Hanna Dymel-Trzebiatowska, prof. UG <\/strong>(University of Gda\u0144sk)<\/p>\n\n\n\n<p><strong>Dr Giuliana Fenech<\/strong> (University of Malta, Malta)<\/p>\n\n\n\n<p><strong>Prof. Nina Goga<\/strong> (Western Norway University of Applied Sciences, Norway)\u00a0<\/p>\n\n\n\n<p><strong>Prof. Bettina K\u00fcmmerling-Meibauer<\/strong> (Eberhard Karls-Universit\u00e4t T\u00fcbingen, Germany)<\/p>\n\n\n\n<p><strong>Prof. Tetiana Kachak<\/strong> (Vasyl Stefanyk\u00a0<em>Precarpathian\u00a0<\/em>National University, Ukraine)<\/p>\n\n\n\n<p><strong>Dr Macarena Garcia-Gonzalez<\/strong> (Pompeu Fabra University, Spain)<\/p>\n\n\n\n<p><strong>Dr hab. Dorota Michu\u0142ka, prof. UWr <\/strong>(University of Wroc\u0142aw, Poland)<\/p>\n\n\n\n<p><strong>Prof. Emilia Ohar <\/strong>(Ukrainian Publishing and Printing Academy Lviv, Ukraina)<\/p>\n\n\n\n<p><strong>Prof. Marek Oziewicz<\/strong> (University of Minnesota, USA)<\/p>\n\n\n\n<p><strong>Prof. Ana Margarida Ramos <\/strong>(Universidade de Aveiro, Portugal)<\/p>\n\n\n\n<p><strong>Prof. dr hab. Bogumi\u0142a Stani\u00f3w<\/strong> (University of Wroc\u0142aw, Poland)<\/p>\n\n\n\n<p><strong>Prof. Anastasia Ulanowicz<\/strong> (University of Florida, USA)<\/p>\n\n\n\n<p><strong>Dr Anita Wincencjusz-Patyna<\/strong>\u00a0(Eugeniusz Geppert Academy of Fine Arts, Poland)<\/p>\n\n\n\n<p><strong>Prof. Monika Wo\u017aniak <\/strong>(Universit\u00e0 degli Studi di Roma \u201eLa Sapienza\u201d, Italy)<\/p>\n\n\n\n<p><strong>Dr hab. Krystyna Zabawa, prof. UIK<\/strong> (Ignatianum University, Wroc\u0142aw)<\/p>\n\n\n\n<p><\/p>\n\n\n\n<h2 class=\"wp-block-heading bs-naglowek-z-kolorem\"><strong>Scientific Advisory Board 2020-2024<\/strong><\/h2>\n\n\n\n<p><strong>Prof. Marina Balina<\/strong> (Illinois Wesleyan University, USA)<\/p>\n\n\n\n<p><strong>Dr Marnie Campagnaro <\/strong>(Universit\u00e0 degli Studi di Padova, Italy)<\/p>\n\n\n\n<p><strong>Prof. dr hab. Magdalena Jonca<\/strong> (University of Wroc\u0142aw)<\/p>\n\n\n\n<p><strong>Prof. Bettina K\u00fcmmerling-Meibauer<\/strong> (Eberhard Karls-Universit\u00e4t T\u00fcbingen, Germany)<\/p>\n\n\n\n<p><strong>Prof. dr hab. Jolanta \u0141ugowska<\/strong> (University of Wroc\u0142aw)<\/p>\n\n\n\n<p><strong>Dr hab. Dorota Michu\u0142ka, prof. UWr <\/strong>(University of Wroc\u0142aw)<\/p>\n\n\n\n<p><strong>Prof. Emilia Ohar <\/strong>(Ukrainian Publishing and Printing Academy Lviv, Ukraine)<\/p>\n\n\n\n<p><strong>Prof. Marek Oziewicz<\/strong> (University of Minnesota, USA)<\/p>\n\n\n\n<p><strong>Dr hab. prof. UAM Eliza Pieciul-Karmi\u0144ska<\/strong> (Adama Mickiewicz University, Pozna\u0144, Poland)<\/p>\n\n\n\n<p><strong>Prof. Ana Margarida Ramos <\/strong>(Universidade de Aveiro, Portugal)<\/p>\n\n\n\n<p><strong>Prof. Kimberley Reynolds<\/strong> (Newcastle University, UK)<\/p>\n\n\n\n<p><strong>Prof. dr hab. Bogumi\u0142a Stani\u00f3w<\/strong> (University of Wroc\u0142aw)<\/p>\n\n\n\n<p><strong>Prof. dr hab. Ryszard Waksmund<\/strong> (University of Wroc\u0142aw)<\/p>\n\n\n\n<p><strong>Prof. Lies Wesseling<\/strong> (Maastricht University, Netherlands)<\/p>\n\n\n\n<p><strong>Dr Anita Wincencjusz-Patyna<\/strong>\u00a0(Eugeniusz Geppert Academy of Fine Arts, Poland)<\/p>\n\n\n\n<p><strong>Prof. Monika Wo\u017aniak <\/strong>(Universit\u00e0 degli Studi di Roma \u201eLa Sapienza\u201d, Italy)<\/p>\n\n\n\n<p><strong>Prof. Junko Yokota <\/strong>(National Louis University, USA; emerita)<\/p>\n\n\n\n<p><\/p>\n<\/div><\/div><\/div><\/div><\/div><\/div>\n<\/div><\/div><\/div><\/div><\/div><\/div>\n","protected":false},"excerpt":{"rendered":"<p>Scientific Advisory Board 2024-2028 Prof. Evelyn Arizpe (University of Glasgow, UK) Prof. Marina Balina (Illinois Wesleyan University, USA) Dr Marnie Campagnaro (Universit\u00e0 degli Studi di Padova, Italy) Dr hab. Hanna Dymel-Trzebiatowska, prof. UG (University of Gda\u0144sk) Dr Giuliana Fenech (University of Malta, Malta) Prof. Nina Goga (Western Norway University of Applied Sciences, Norway)\u00a0 Prof. Bettina [&hellip;]<\/p>\n","protected":false},"author":37,"featured_media":24476,"parent":27059,"menu_order":1,"comment_status":"closed","ping_status":"closed","template":"","meta":{"_acf_changed":false,"inline_featured_image":false,"site-sidebar-layout":"default","site-content-layout":"","ast-site-content-layout":"default","site-content-style":"default","site-sidebar-style":"default","ast-global-header-display":"","ast-banner-title-visibility":"","ast-main-header-display":"","ast-hfb-above-header-display":"","ast-hfb-below-header-display":"","ast-hfb-mobile-header-display":"","site-post-title":"","ast-breadcrumbs-content":"","ast-featured-img":"","footer-sml-layout":"","ast-disable-related-posts":"","theme-transparent-header-meta":"","adv-header-id-meta":"","stick-header-meta":"","header-above-stick-meta":"","header-main-stick-meta":"","header-below-stick-meta":"","astra-migrate-meta-layouts":"set","ast-page-background-enabled":"default","ast-page-background-meta":{"desktop":{"background-color":"","background-image":"","background-repeat":"repeat","background-position":"center center","background-size":"auto","background-attachment":"scroll","background-type":"","background-media":"","overlay-type":"","overlay-color":"","overlay-opacity":"","overlay-gradient":""},"tablet":{"background-color":"","background-image":"","background-repeat":"repeat","background-position":"center center","background-size":"auto","background-attachment":"scroll","background-type":"","background-media":"","overlay-type":"","overlay-color":"","overlay-opacity":"","overlay-gradient":""},"mobile":{"background-color":"","background-image":"","background-repeat":"repeat","background-position":"center center","background-size":"auto","background-attachment":"scroll","background-type":"","background-media":"","overlay-type":"","overlay-color":"","overlay-opacity":"","overlay-gradient":""}},"ast-content-background-meta":{"desktop":{"background-color":"var(--ast-global-color-5)","background-image":"","background-repeat":"repeat","background-position":"center center","background-size":"auto","background-attachment":"scroll","background-type":"","background-media":"","overlay-type":"","overlay-color":"","overlay-opacity":"","overlay-gradient":""},"tablet":{"background-color":"var(--ast-global-color-5)","background-image":"","background-repeat":"repeat","background-position":"center center","background-size":"auto","background-attachment":"scroll","background-type":"","background-media":"","overlay-type":"","overlay-color":"","overlay-opacity":"","overlay-gradient":""},"mobile":{"background-color":"var(--ast-global-color-5)","background-image":"","background-repeat":"repeat","background-position":"center center","background-size":"auto","background-attachment":"scroll","background-type":"","background-media":"","overlay-type":"","overlay-color":"","overlay-opacity":"","overlay-gradient":""}},"footnotes":""},"categories":[],"tags":[],"class_list":["post-27062","page","type-page","status-publish","has-post-thumbnail","hentry"],"featured_image_urls_v2":{"full":["https:\/\/cbldm.uwr.edu.pl\/wp-content\/uploads\/sites\/644\/2024\/07\/rada-naukowa.png",1920,1080,false],"thumbnail":["https:\/\/cbldm.uwr.edu.pl\/wp-content\/uploads\/sites\/644\/2024\/07\/rada-naukowa-150x150.png",150,150,true],"medium":["https:\/\/cbldm.uwr.edu.pl\/wp-content\/uploads\/sites\/644\/2024\/07\/rada-naukowa-300x169.png",300,169,true],"medium_large":["https:\/\/cbldm.uwr.edu.pl\/wp-content\/uploads\/sites\/644\/2024\/07\/rada-naukowa-768x432.png",768,432,true],"large":["https:\/\/cbldm.uwr.edu.pl\/wp-content\/uploads\/sites\/644\/2024\/07\/rada-naukowa-1024x576.png",1024,576,true],"1536x1536":["https:\/\/cbldm.uwr.edu.pl\/wp-content\/uploads\/sites\/644\/2024\/07\/rada-naukowa-1536x864.png",1536,864,true],"2048x2048":["https:\/\/cbldm.uwr.edu.pl\/wp-content\/uploads\/sites\/644\/2024\/07\/rada-naukowa.png",1920,1080,false],"menu-24x24":["https:\/\/cbldm.uwr.edu.pl\/wp-content\/uploads\/sites\/644\/2024\/07\/rada-naukowa-24x14.png",24,14,true],"menu-36x36":["https:\/\/cbldm.uwr.edu.pl\/wp-content\/uploads\/sites\/644\/2024\/07\/rada-naukowa-36x20.png",36,20,true],"menu-48x48":["https:\/\/cbldm.uwr.edu.pl\/wp-content\/uploads\/sites\/644\/2024\/07\/rada-naukowa-48x27.png",48,27,true]},"post_excerpt_stackable_v2":"<p>Scientific Advisory Board Scientific Advisory Board 2024-2028 Prof. Evelyn Arizpe (University of Glasgow, UK) Prof. Marina Balina (Illinois Wesleyan University, USA) Dr Marnie Campagnaro (Universit\u00e0 degli Studi di Padova, Italy) Dr hab. Hanna Dymel-Trzebiatowska, prof. UG (University of Gda\u0144sk) Dr Giuliana Fenech (University of Malta, Malta) Prof. Nina Goga (Western Norway University of Applied Sciences, Norway)\u00a0 Prof. Bettina K\u00fcmmerling-Meibauer (Eberhard Karls-Universit\u00e4t T\u00fcbingen, Germany) Prof. Tetiana Kachak (Vasyl Stefanyk\u00a0Precarpathian\u00a0National University, Ukraine) Dr Macarena Garcia-Gonzalez (Pompeu Fabra University, Spain) Dr hab. Dorota Michu\u0142ka, prof. UWr (University of Wroc\u0142aw, Poland) Prof. Emilia Ohar (Ukrainian Publishing and Printing Academy Lviv, Ukraina) Prof. Marek Oziewicz&hellip;<\/p>\n","category_list_v2":"Uncategorized","author_info_v2":{"name":"Izabela Jaraszek","url":"https:\/\/cbldm.uwr.edu.pl\/en\/author\/ijaraszek\/"},"comments_num_v2":"0 comments","acf":[],"yoast_head":"<!-- This site is optimized with the Yoast SEO plugin v27.1.1 - https:\/\/yoast.com\/product\/yoast-seo-wordpress\/ -->\n<title>Scientific Advisory Board - Centrum Bada\u0144 Literatury dla Dzieci i M\u0142odzie\u017cy<\/title>\n<meta name=\"robots\" content=\"index, follow, max-snippet:-1, max-image-preview:large, max-video-preview:-1\" \/>\n<link rel=\"canonical\" href=\"https:\/\/cbldm.uwr.edu.pl\/en\/o-nas\/rada-naukowa\/\" \/>\n<meta property=\"og:locale\" content=\"en_US\" \/>\n<meta property=\"og:type\" content=\"article\" \/>\n<meta property=\"og:title\" content=\"Scientific Advisory Board - Centrum Bada\u0144 Literatury dla Dzieci i M\u0142odzie\u017cy\" \/>\n<meta property=\"og:description\" content=\"Scientific Advisory Board 2024-2028 Prof. Evelyn Arizpe (University of Glasgow, UK) Prof. Marina Balina (Illinois Wesleyan University, USA) Dr Marnie Campagnaro (Universit\u00e0 degli Studi di Padova, Italy) Dr hab. Hanna Dymel-Trzebiatowska, prof. UG (University of Gda\u0144sk) Dr Giuliana Fenech (University of Malta, Malta) Prof. Nina Goga (Western Norway University of Applied Sciences, Norway)\u00a0 Prof. Bettina [&hellip;]\" \/>\n<meta property=\"og:url\" content=\"https:\/\/cbldm.uwr.edu.pl\/en\/o-nas\/rada-naukowa\/\" \/>\n<meta property=\"og:site_name\" content=\"Centrum Bada\u0144 Literatury dla Dzieci i M\u0142odzie\u017cy\" \/>\n<meta property=\"article:modified_time\" content=\"2024-11-05T13:33:18+00:00\" \/>\n<meta property=\"og:image\" content=\"https:\/\/cbldm.uwr.edu.pl\/wp-content\/uploads\/sites\/644\/2024\/07\/rada-naukowa-1024x576.png\" \/>\n\t<meta property=\"og:image:width\" content=\"1024\" \/>\n\t<meta property=\"og:image:height\" content=\"576\" \/>\n\t<meta property=\"og:image:type\" content=\"image\/png\" \/>\n<meta name=\"twitter:card\" content=\"summary_large_image\" \/>\n<meta name=\"twitter:label1\" content=\"Est. reading time\" \/>\n\t<meta name=\"twitter:data1\" content=\"3 minutes\" \/>\n<script type=\"application\/ld+json\" class=\"yoast-schema-graph\">{\"@context\":\"https:\/\/schema.org\",\"@graph\":[{\"@type\":\"WebPage\",\"@id\":\"https:\/\/cbldm.uwr.edu.pl\/en\/o-nas\/rada-naukowa\/\",\"url\":\"https:\/\/cbldm.uwr.edu.pl\/en\/o-nas\/rada-naukowa\/\",\"name\":\"Scientific Advisory Board - Centrum Bada\u0144 Literatury dla Dzieci i M\u0142odzie\u017cy\",\"isPartOf\":{\"@id\":\"https:\/\/cbldm.uwr.edu.pl\/#website\"},\"primaryImageOfPage\":{\"@id\":\"https:\/\/cbldm.uwr.edu.pl\/en\/o-nas\/rada-naukowa\/#primaryimage\"},\"image\":{\"@id\":\"https:\/\/cbldm.uwr.edu.pl\/en\/o-nas\/rada-naukowa\/#primaryimage\"},\"thumbnailUrl\":\"https:\/\/cbldm.uwr.edu.pl\/wp-content\/uploads\/sites\/644\/2024\/07\/rada-naukowa.png\",\"datePublished\":\"2024-07-29T06:11:16+00:00\",\"dateModified\":\"2024-11-05T13:33:18+00:00\",\"breadcrumb\":{\"@id\":\"https:\/\/cbldm.uwr.edu.pl\/en\/o-nas\/rada-naukowa\/#breadcrumb\"},\"inLanguage\":\"en-US\",\"potentialAction\":[{\"@type\":\"ReadAction\",\"target\":[\"https:\/\/cbldm.uwr.edu.pl\/en\/o-nas\/rada-naukowa\/\"]}]},{\"@type\":\"ImageObject\",\"inLanguage\":\"en-US\",\"@id\":\"https:\/\/cbldm.uwr.edu.pl\/en\/o-nas\/rada-naukowa\/#primaryimage\",\"url\":\"https:\/\/cbldm.uwr.edu.pl\/wp-content\/uploads\/sites\/644\/2024\/07\/rada-naukowa.png\",\"contentUrl\":\"https:\/\/cbldm.uwr.edu.pl\/wp-content\/uploads\/sites\/644\/2024\/07\/rada-naukowa.png\",\"width\":1920,\"height\":1080,\"caption\":\"Dzieci siedz\u0105ce w bibliotece\"},{\"@type\":\"BreadcrumbList\",\"@id\":\"https:\/\/cbldm.uwr.edu.pl\/en\/o-nas\/rada-naukowa\/#breadcrumb\",\"itemListElement\":[{\"@type\":\"ListItem\",\"position\":1,\"name\":\"Strona g\u0142\u00f3wna\",\"item\":\"https:\/\/cbldm.uwr.edu.pl\/en\/\"},{\"@type\":\"ListItem\",\"position\":2,\"name\":\"About us\",\"item\":\"https:\/\/cbldm.uwr.edu.pl\/en\/o-nas\/\"},{\"@type\":\"ListItem\",\"position\":3,\"name\":\"Scientific Advisory Board\"}]},{\"@type\":\"WebSite\",\"@id\":\"https:\/\/cbldm.uwr.edu.pl\/#website\",\"url\":\"https:\/\/cbldm.uwr.edu.pl\/\",\"name\":\"Centrum Bada\u0144 Literatury dla Dzieci i M\u0142odzie\u017cy\",\"description\":\"Kolejna witryna sieci \u201eUWR Witryny\u201d\",\"publisher\":{\"@id\":\"https:\/\/cbldm.uwr.edu.pl\/#organization\"},\"potentialAction\":[{\"@type\":\"SearchAction\",\"target\":{\"@type\":\"EntryPoint\",\"urlTemplate\":\"https:\/\/cbldm.uwr.edu.pl\/?s={search_term_string}\"},\"query-input\":{\"@type\":\"PropertyValueSpecification\",\"valueRequired\":true,\"valueName\":\"search_term_string\"}}],\"inLanguage\":\"en-US\"},{\"@type\":\"Organization\",\"@id\":\"https:\/\/cbldm.uwr.edu.pl\/#organization\",\"name\":\"Centrum Bada\u0144 Literatury dla Dzieci i M\u0142odzie\u017cy\",\"url\":\"https:\/\/cbldm.uwr.edu.pl\/\",\"logo\":{\"@type\":\"ImageObject\",\"inLanguage\":\"en-US\",\"@id\":\"https:\/\/cbldm.uwr.edu.pl\/#\/schema\/logo\/image\/\",\"url\":\"https:\/\/cbldm.uwr.edu.pl\/wp-content\/uploads\/sites\/644\/2025\/10\/UWr-logotyp-2025.png\",\"contentUrl\":\"https:\/\/cbldm.uwr.edu.pl\/wp-content\/uploads\/sites\/644\/2025\/10\/UWr-logotyp-2025.png\",\"width\":764,\"height\":269,\"caption\":\"Centrum Bada\u0144 Literatury dla Dzieci i M\u0142odzie\u017cy\"},\"image\":{\"@id\":\"https:\/\/cbldm.uwr.edu.pl\/#\/schema\/logo\/image\/\"}}]}<\/script>\n<!-- \/ Yoast SEO plugin. -->","yoast_head_json":{"title":"Scientific Advisory Board - Centrum Bada\u0144 Literatury dla Dzieci i M\u0142odzie\u017cy","robots":{"index":"index","follow":"follow","max-snippet":"max-snippet:-1","max-image-preview":"max-image-preview:large","max-video-preview":"max-video-preview:-1"},"canonical":"https:\/\/cbldm.uwr.edu.pl\/en\/o-nas\/rada-naukowa\/","og_locale":"en_US","og_type":"article","og_title":"Scientific Advisory Board - Centrum Bada\u0144 Literatury dla Dzieci i M\u0142odzie\u017cy","og_description":"Scientific Advisory Board 2024-2028 Prof. Evelyn Arizpe (University of Glasgow, UK) Prof. Marina Balina (Illinois Wesleyan University, USA) Dr Marnie Campagnaro (Universit\u00e0 degli Studi di Padova, Italy) Dr hab. Hanna Dymel-Trzebiatowska, prof. UG (University of Gda\u0144sk) Dr Giuliana Fenech (University of Malta, Malta) Prof. Nina Goga (Western Norway University of Applied Sciences, Norway)\u00a0 Prof. Bettina [&hellip;]","og_url":"https:\/\/cbldm.uwr.edu.pl\/en\/o-nas\/rada-naukowa\/","og_site_name":"Centrum Bada\u0144 Literatury dla Dzieci i M\u0142odzie\u017cy","article_modified_time":"2024-11-05T13:33:18+00:00","og_image":[{"width":1024,"height":576,"url":"https:\/\/cbldm.uwr.edu.pl\/wp-content\/uploads\/sites\/644\/2024\/07\/rada-naukowa-1024x576.png","type":"image\/png"}],"twitter_card":"summary_large_image","twitter_misc":{"Est. reading time":"3 minutes"},"schema":{"@context":"https:\/\/schema.org","@graph":[{"@type":"WebPage","@id":"https:\/\/cbldm.uwr.edu.pl\/en\/o-nas\/rada-naukowa\/","url":"https:\/\/cbldm.uwr.edu.pl\/en\/o-nas\/rada-naukowa\/","name":"Scientific Advisory Board - Centrum Bada\u0144 Literatury dla Dzieci i M\u0142odzie\u017cy","isPartOf":{"@id":"https:\/\/cbldm.uwr.edu.pl\/#website"},"primaryImageOfPage":{"@id":"https:\/\/cbldm.uwr.edu.pl\/en\/o-nas\/rada-naukowa\/#primaryimage"},"image":{"@id":"https:\/\/cbldm.uwr.edu.pl\/en\/o-nas\/rada-naukowa\/#primaryimage"},"thumbnailUrl":"https:\/\/cbldm.uwr.edu.pl\/wp-content\/uploads\/sites\/644\/2024\/07\/rada-naukowa.png","datePublished":"2024-07-29T06:11:16+00:00","dateModified":"2024-11-05T13:33:18+00:00","breadcrumb":{"@id":"https:\/\/cbldm.uwr.edu.pl\/en\/o-nas\/rada-naukowa\/#breadcrumb"},"inLanguage":"en-US","potentialAction":[{"@type":"ReadAction","target":["https:\/\/cbldm.uwr.edu.pl\/en\/o-nas\/rada-naukowa\/"]}]},{"@type":"ImageObject","inLanguage":"en-US","@id":"https:\/\/cbldm.uwr.edu.pl\/en\/o-nas\/rada-naukowa\/#primaryimage","url":"https:\/\/cbldm.uwr.edu.pl\/wp-content\/uploads\/sites\/644\/2024\/07\/rada-naukowa.png","contentUrl":"https:\/\/cbldm.uwr.edu.pl\/wp-content\/uploads\/sites\/644\/2024\/07\/rada-naukowa.png","width":1920,"height":1080,"caption":"Dzieci siedz\u0105ce w bibliotece"},{"@type":"BreadcrumbList","@id":"https:\/\/cbldm.uwr.edu.pl\/en\/o-nas\/rada-naukowa\/#breadcrumb","itemListElement":[{"@type":"ListItem","position":1,"name":"Strona g\u0142\u00f3wna","item":"https:\/\/cbldm.uwr.edu.pl\/en\/"},{"@type":"ListItem","position":2,"name":"About us","item":"https:\/\/cbldm.uwr.edu.pl\/en\/o-nas\/"},{"@type":"ListItem","position":3,"name":"Scientific Advisory Board"}]},{"@type":"WebSite","@id":"https:\/\/cbldm.uwr.edu.pl\/#website","url":"https:\/\/cbldm.uwr.edu.pl\/","name":"Centrum Bada\u0144 Literatury dla Dzieci i M\u0142odzie\u017cy","description":"Kolejna witryna sieci \u201eUWR Witryny\u201d","publisher":{"@id":"https:\/\/cbldm.uwr.edu.pl\/#organization"},"potentialAction":[{"@type":"SearchAction","target":{"@type":"EntryPoint","urlTemplate":"https:\/\/cbldm.uwr.edu.pl\/?s={search_term_string}"},"query-input":{"@type":"PropertyValueSpecification","valueRequired":true,"valueName":"search_term_string"}}],"inLanguage":"en-US"},{"@type":"Organization","@id":"https:\/\/cbldm.uwr.edu.pl\/#organization","name":"Centrum Bada\u0144 Literatury dla Dzieci i M\u0142odzie\u017cy","url":"https:\/\/cbldm.uwr.edu.pl\/","logo":{"@type":"ImageObject","inLanguage":"en-US","@id":"https:\/\/cbldm.uwr.edu.pl\/#\/schema\/logo\/image\/","url":"https:\/\/cbldm.uwr.edu.pl\/wp-content\/uploads\/sites\/644\/2025\/10\/UWr-logotyp-2025.png","contentUrl":"https:\/\/cbldm.uwr.edu.pl\/wp-content\/uploads\/sites\/644\/2025\/10\/UWr-logotyp-2025.png","width":764,"height":269,"caption":"Centrum Bada\u0144 Literatury dla Dzieci i M\u0142odzie\u017cy"},"image":{"@id":"https:\/\/cbldm.uwr.edu.pl\/#\/schema\/logo\/image\/"}}]}},"publishpress_future_action":{"enabled":false,"date":"2026-04-18 18:27:46","action":"change-status","newStatus":"draft","terms":[],"taxonomy":"category","extraData":[]},"publishpress_future_workflow_manual_trigger":{"enabledWorkflows":[]},"_links":{"self":[{"href":"https:\/\/cbldm.uwr.edu.pl\/en\/wp-json\/wp\/v2\/pages\/27062\/"}],"collection":[{"href":"https:\/\/cbldm.uwr.edu.pl\/en\/wp-json\/wp\/v2\/pages\/"}],"about":[{"href":"https:\/\/cbldm.uwr.edu.pl\/en\/wp-json\/wp\/v2\/types\/page\/"}],"author":[{"embeddable":true,"href":"https:\/\/cbldm.uwr.edu.pl\/en\/wp-json\/wp\/v2\/users\/37\/"}],"replies":[{"embeddable":true,"href":"https:\/\/cbldm.uwr.edu.pl\/en\/wp-json\/wp\/v2\/comments\/?post=27062"}],"version-history":[{"count":2,"href":"https:\/\/cbldm.uwr.edu.pl\/en\/wp-json\/wp\/v2\/pages\/27062\/revisions\/"}],"predecessor-version":[{"id":29306,"href":"https:\/\/cbldm.uwr.edu.pl\/en\/wp-json\/wp\/v2\/pages\/27062\/revisions\/29306\/"}],"up":[{"embeddable":true,"href":"https:\/\/cbldm.uwr.edu.pl\/en\/wp-json\/wp\/v2\/pages\/27059\/"}],"wp:featuredmedia":[{"embeddable":true,"href":"https:\/\/cbldm.uwr.edu.pl\/en\/wp-json\/wp\/v2\/media\/24476\/"}],"wp:attachment":[{"href":"https:\/\/cbldm.uwr.edu.pl\/en\/wp-json\/wp\/v2\/media\/?parent=27062"}],"wp:term":[{"taxonomy":"category","embeddable":true,"href":"https:\/\/cbldm.uwr.edu.pl\/en\/wp-json\/wp\/v2\/categories\/?post=27062"},{"taxonomy":"post_tag","embeddable":true,"href":"https:\/\/cbldm.uwr.edu.pl\/en\/wp-json\/wp\/v2\/tags\/?post=27062"}],"curies":[{"name":"wp","href":"https:\/\/api.w.org\/{rel}","templated":true}]}}